{"id":3419,"date":"2020-11-18T11:33:34","date_gmt":"2020-11-18T10:33:34","guid":{"rendered":"https:\/\/bajecznyspa.pl\/sklep\/?post_type=product&#038;p=3419"},"modified":"2025-05-20T16:45:35","modified_gmt":"2025-05-20T14:45:35","slug":"intensywnie-regenerujaco-nawilzajacy-krem-50-ml","status":"publish","type":"product","link":"https:\/\/bajecznyspa.pl\/sklep\/produkt\/intensywnie-regenerujaco-nawilzajacy-krem-50-ml\/","title":{"rendered":"Intensywnie regeneruj\u0105co &#8211; nawil\u017caj\u0105cy krem do cery suchej  50 ml"},"content":{"rendered":"<p>Polski system hodowlany i bezpieczny dla \u015blimak\u00f3w podczas pozyskiwania \u015bluzu, co wp\u0142ywa bezpo\u015brednio na klarowno\u015b\u0107 i brak zapachu tego surowca. Dzi\u0119ki temu\u00a0 produkty Healthy Skin zawieraj\u0105 98,2 % filtratu \u015bluzu \u015blimaka (snail secretion filtrate), a jako\u015b\u0107 produkt\u00f3w jest potwierdzona badaniami laboratoryjnymi i klinicznymi.<\/p>\n<p>Intensywnie regeneruj\u0105co &#8211; nawil\u017caj\u0105cy krem przeznaczony do sk\u00f3ry suchej, podra\u017cnionej, problematycznej.<\/p>\n<p><strong>Na podstawie przeprowadzonych przez lekarzy dermatolog\u00f3w bada\u0144, indywidualnych ocen probant\u00f3w oraz zebranych wywiad\u00f3w stwierdzono, i\u017c:<\/strong><\/p>\n<ul>\n<li>Odpowiednio skomponowane aktywne sk\u0142adniki sprawiaj\u0105, \u017ce w czasie systematycznego stosowania krem wykazuje wielokierunkowe dzia\u0142anie, bardzo korzystnie wp\u0142ywaj\u0105ce zar\u00f3wno na wygl\u0105d, jak i kondycj\u0119 sk\u00f3ry.<\/li>\n<li>Bardzo dobrze nawil\u017ca oraz odpowiednio nat\u0142uszcza such\u0105 i podra\u017cnion\u0105 sk\u00f3r\u0119 zapobiegaj\u0105c jej nadmiernemu wysuszaniu.<\/li>\n<li>Dzi\u0119ki intensywnemu nawil\u017ceniu, odpowiedniemu od\u017cywieniu i regeneracji nawet wra\u017cliwa, przesuszona i podra\u017cniona sk\u00f3ra staje si\u0119 bardziej j\u0119drna, elastyczna i g\u0142adka.<\/li>\n<li>Regularne stosowanie sprawia, \u017ce sk\u00f3ra jest odczuwalnie bardziej mi\u0119kka i aksamitna w dotyku.<\/li>\n<li>Po jego aplikacji nast\u0119puje zmniejszenie i za\u0142agodzenie r\u00f3\u017cnego rodzaju odczu\u0107 subiektywnych w postaci \u015bwi\u0105du, pieczenia, wzmo\u017conego napi\u0119cia \u2013 objaw\u00f3w cz\u0119sto wyst\u0119puj\u0105cych u os\u00f3b ze sk\u00f3r\u0105 przesuszon\u0105 i sk\u0142onn\u0105 do podra\u017cnie\u0144.<\/li>\n<li>Regularna i systematyczna aplikacja kremu poprawia wygl\u0105d i kondycj\u0119 wra\u017cliwej, podra\u017cnionej i przesuszonej sk\u00f3ry, przywracaj\u0105c jej estetyczny, zdrowy i zadbany wygl\u0105d.<\/li>\n<\/ul>\n<ul>\n<li>regeneruje,<\/li>\n<li>dzia\u0142a \u0142agodz\u0105co,<\/li>\n<li>od\u017cywia,<\/li>\n<li>nawil\u017ca,<\/li>\n<li>nat\u0142uszcza,<\/li>\n<li>piel\u0119gnuje sk\u00f3r\u0119,<\/li>\n<li>mo\u017ce by\u0107 stosowany przez najm\u0142odszych i osoby ze sk\u00f3r\u0105 wra\u017cliw\u0105.<\/li>\n<\/ul>\n<p><strong>Skuteczno\u015b\u0107 potwierdzona badaniami przeprowadzonymi w klinice dermatologii.<\/strong><\/p>\n","protected":false},"excerpt":{"rendered":"<p>Polski system hodowlany i bezpieczny dla \u015blimak\u00f3w podczas pozyskiwania \u015bluzu, co wp\u0142ywa bezpo\u015brednio na klarowno\u015b\u0107 i brak zapachu tego surowca. Dzi\u0119ki temu\u00a0 produkty Healthy Skin zawieraj\u0105 98,2 % filtratu \u015bluzu \u015blimaka (snail secretion filtrate), a jako\u015b\u0107 produkt\u00f3w jest potwierdzona badaniami laboratoryjnymi i klinicznymi. Intensywnie regeneruj\u0105co &#8211; nawil\u017caj\u0105cy krem przeznaczony do sk\u00f3ry suchej, podra\u017cnionej, problematycznej. Na [&hellip;]<\/p>\n","protected":false},"featured_media":3420,"comment_status":"open","ping_status":"closed","template":"","meta":{"site-sidebar-layout":"default","site-content-layout":"default","ast-site-content-layout":"default","site-content-style":"default","site-sidebar-style":"default","ast-global-header-display":"","ast-banner-title-visibility":"","ast-main-header-display":"","ast-hfb-above-header-display":"","ast-hfb-below-header-display":"","ast-hfb-mobile-header-display":"","site-post-title":"","ast-breadcrumbs-content":"","ast-featured-img":"","footer-sml-layout":"","ast-disable-related-posts":"","theme-transparent-header-meta":"default","adv-header-id-meta":"","stick-header-meta":"","header-above-stick-meta":"","header-main-stick-meta":"","header-below-stick-meta":"","astra-migrate-meta-layouts":"set","ast-page-background-enabled":"default","ast-page-background-meta":{"desktop":{"background-color":"","background-image":"","background-repeat":"repeat","background-position":"center center","background-size":"auto","background-attachment":"scroll","background-type":"","background-media":"","overlay-type":"","overlay-color":"","overlay-opacity":"","overlay-gradient":""},"tablet":{"background-color":"","background-image":"","background-repeat":"repeat","background-position":"center center","background-size":"auto","background-attachment":"scroll","background-type":"","background-media":"","overlay-type":"","overlay-color":"","overlay-opacity":"","overlay-gradient":""},"mobile":{"background-color":"","background-image":"","background-repeat":"repeat","background-position":"center center","background-size":"auto","background-attachment":"scroll","background-type":"","background-media":"","overlay-type":"","overlay-color":"","overlay-opacity":"","overlay-gradient":""}},"ast-content-background-meta":{"desktop":{"background-color":"var(--ast-global-color-5)","background-image":"","background-repeat":"repeat","background-position":"center center","background-size":"auto","background-attachment":"scroll","background-type":"","background-media":"","overlay-type":"","overlay-color":"","overlay-opacity":"","overlay-gradient":""},"tablet":{"background-color":"var(--ast-global-color-5)","background-image":"","background-repeat":"repeat","background-position":"center center","background-size":"auto","background-attachment":"scroll","background-type":"","background-media":"","overlay-type":"","overlay-color":"","overlay-opacity":"","overlay-gradient":""},"mobile":{"background-color":"var(--ast-global-color-5)","background-image":"","background-repeat":"repeat","background-position":"center center","background-size":"auto","background-attachment":"scroll","background-type":"","background-media":"","overlay-type":"","overlay-color":"","overlay-opacity":"","overlay-gradient":""}},"wds_primary_product_brand":0,"wds_primary_product_cat":0},"product_brand":[],"product_cat":[23],"product_tag":[39,26,27,25,76],"class_list":{"0":"post-3419","1":"product","2":"type-product","3":"status-publish","4":"has-post-thumbnail","6":"product_cat-twarz","7":"product_tag-krem","8":"product_tag-skora-podrazniona","9":"product_tag-skora-problematyczna","10":"product_tag-skora-sucha","11":"product_tag-sluz-slimaka","12":"desktop-align-left","13":"tablet-align-left","14":"mobile-align-left","16":"first","17":"instock","18":"shipping-taxable","19":"purchasable","20":"product-type-simple"},"_links":{"self":[{"href":"https:\/\/bajecznyspa.pl\/sklep\/wp-json\/wp\/v2\/product\/3419","targetHints":{"allow":["GET"]}}],"collection":[{"href":"https:\/\/bajecznyspa.pl\/sklep\/wp-json\/wp\/v2\/product"}],"about":[{"href":"https:\/\/bajecznyspa.pl\/sklep\/wp-json\/wp\/v2\/types\/product"}],"replies":[{"embeddable":true,"href":"https:\/\/bajecznyspa.pl\/sklep\/wp-json\/wp\/v2\/comments?post=3419"}],"wp:featuredmedia":[{"embeddable":true,"href":"https:\/\/bajecznyspa.pl\/sklep\/wp-json\/wp\/v2\/media\/3420"}],"wp:attachment":[{"href":"https:\/\/bajecznyspa.pl\/sklep\/wp-json\/wp\/v2\/media?parent=3419"}],"wp:term":[{"taxonomy":"product_brand","embeddable":true,"href":"https:\/\/bajecznyspa.pl\/sklep\/wp-json\/wp\/v2\/product_brand?post=3419"},{"taxonomy":"product_cat","embeddable":true,"href":"https:\/\/bajecznyspa.pl\/sklep\/wp-json\/wp\/v2\/product_cat?post=3419"},{"taxonomy":"product_tag","embeddable":true,"href":"https:\/\/bajecznyspa.pl\/sklep\/wp-json\/wp\/v2\/product_tag?post=3419"}],"curies":[{"name":"wp","href":"https:\/\/api.w.org\/{rel}","templated":true}]}}