{"id":3541,"date":"2020-11-23T16:16:14","date_gmt":"2020-11-23T15:16:14","guid":{"rendered":"https:\/\/bajecznyspa.pl\/sklep\/?post_type=product&#038;p=3541"},"modified":"2023-02-20T19:39:19","modified_gmt":"2023-02-20T18:39:19","slug":"podoflex-masc-do-popekanej-i-zrogowacialej-skory-stop","status":"publish","type":"product","link":"https:\/\/bajecznyspa.pl\/sklep\/produkt\/podoflex-masc-do-popekanej-i-zrogowacialej-skory-stop\/","title":{"rendered":"PODOFLEX\u00ae Ma\u015b\u0107 do pop\u0119kanej i zrogowacia\u0142ej sk\u00f3ry st\u00f3p"},"content":{"rendered":"<p><strong>Rodzaj piel\u0119gnacji<\/strong><strong>: <\/strong><strong>\u00a0<\/strong>Piel\u0119gnacja sk\u00f3ry suchej, pop\u0119kanej i odwodnionej<\/p>\n<p><strong>Wskazania:<\/strong><\/p>\n<p>Do piel\u0119gnacji st\u00f3p suchych z tendencj\u0105 do nadmiernego rogowacenia i p\u0119kania nask\u00f3rka.\u00a0<strong>Polecana dla diabetyk\u00f3w.<\/strong><br \/>\n<strong>Dzia\u0142anie:<\/strong><br \/>\nPreparat tworzy wyj\u0105tkowe po\u0142\u0105czenie naturalnych t\u0142uszczy z mas\u0142a shea, lanoliny, kt\u00f3re maj\u0105 silne dzia\u0142anie nat\u0142uszczaj\u0105ce. Zawarta w ma\u015bci alantoina wspomaga odnow\u0119 uszkodzonego nask\u00f3rka i dzia\u0142a regeneruj\u0105co. Preparat zawiera mocznik (25%) i prowitamin\u0119 B5, kt\u00f3re wp\u0142ywaj\u0105 na mi\u0119kko\u015b\u0107 i elastyczno\u015b\u0107 sk\u00f3ry oraz zapobiegaj\u0105 ponownemu rogowaceniu. Naturalne ekstrakty z sza\u0142wii i rozmarynu dzia\u0142aj\u0105 tonizuj\u0105co i od\u015bwie\u017caj\u0105co.<br \/>\n<strong>Spos\u00f3b u\u017cycia:<\/strong><br \/>\nOdpowiedni\u0105 ilo\u015b\u0107 preparatu na\u0142o\u017cy\u0107 na stopy. Nast\u0119pnie wmasowa\u0107 a\u017c do ca\u0142kowitego wch\u0142oni\u0119cia si\u0119. Dla wzmocnienia efektu terapeutycznego zaleca si\u0119 wykonanie okluzji np. bawe\u0142niane skarpetki.<\/p>\n<p><strong>Pojemno\u015b\u0107:\u00a0<\/strong>75 ml<\/p>\n","protected":false},"excerpt":{"rendered":"<p>Rodzaj piel\u0119gnacji: \u00a0Piel\u0119gnacja sk\u00f3ry suchej, pop\u0119kanej i odwodnionej Wskazania: Do piel\u0119gnacji st\u00f3p suchych z tendencj\u0105 do nadmiernego rogowacenia i p\u0119kania nask\u00f3rka.\u00a0Polecana dla diabetyk\u00f3w. Dzia\u0142anie: Preparat tworzy wyj\u0105tkowe po\u0142\u0105czenie naturalnych t\u0142uszczy z mas\u0142a shea, lanoliny, kt\u00f3re maj\u0105 silne dzia\u0142anie nat\u0142uszczaj\u0105ce. Zawarta w ma\u015bci alantoina wspomaga odnow\u0119 uszkodzonego nask\u00f3rka i dzia\u0142a regeneruj\u0105co. Preparat zawiera mocznik (25%) i [&hellip;]<\/p>\n","protected":false},"featured_media":0,"comment_status":"open","ping_status":"closed","template":"","meta":{"site-sidebar-layout":"default","site-content-layout":"default","ast-site-content-layout":"default","site-content-style":"default","site-sidebar-style":"default","ast-global-header-display":"","ast-banner-title-visibility":"","ast-main-header-display":"","ast-hfb-above-header-display":"","ast-hfb-below-header-display":"","ast-hfb-mobile-header-display":"","site-post-title":"","ast-breadcrumbs-content":"","ast-featured-img":"","footer-sml-layout":"","ast-disable-related-posts":"","theme-transparent-header-meta":"default","adv-header-id-meta":"","stick-header-meta":"","header-above-stick-meta":"","header-main-stick-meta":"","header-below-stick-meta":"","astra-migrate-meta-layouts":"default","ast-page-background-enabled":"default","ast-page-background-meta":{"desktop":{"background-color":"","background-image":"","background-repeat":"repeat","background-position":"center center","background-size":"auto","background-attachment":"scroll","background-type":"","background-media":"","overlay-type":"","overlay-color":"","overlay-opacity":"","overlay-gradient":""},"tablet":{"background-color":"","background-image":"","background-repeat":"repeat","background-position":"center center","background-size":"auto","background-attachment":"scroll","background-type":"","background-media":"","overlay-type":"","overlay-color":"","overlay-opacity":"","overlay-gradient":""},"mobile":{"background-color":"","background-image":"","background-repeat":"repeat","background-position":"center center","background-size":"auto","background-attachment":"scroll","background-type":"","background-media":"","overlay-type":"","overlay-color":"","overlay-opacity":"","overlay-gradient":""}},"ast-content-background-meta":{"desktop":{"background-color":"var(--ast-global-color-5)","background-image":"","background-repeat":"repeat","background-position":"center center","background-size":"auto","background-attachment":"scroll","background-type":"","background-media":"","overlay-type":"","overlay-color":"","overlay-opacity":"","overlay-gradient":""},"tablet":{"background-color":"var(--ast-global-color-5)","background-image":"","background-repeat":"repeat","background-position":"center center","background-size":"auto","background-attachment":"scroll","background-type":"","background-media":"","overlay-type":"","overlay-color":"","overlay-opacity":"","overlay-gradient":""},"mobile":{"background-color":"var(--ast-global-color-5)","background-image":"","background-repeat":"repeat","background-position":"center center","background-size":"auto","background-attachment":"scroll","background-type":"","background-media":"","overlay-type":"","overlay-color":"","overlay-opacity":"","overlay-gradient":""}},"wds_primary_product_brand":0,"wds_primary_product_cat":0},"product_brand":[],"product_cat":[32],"product_tag":[40,35,41,25,34],"class_list":{"0":"post-3541","1":"product","2":"type-product","3":"status-publish","5":"product_cat-dlonieistopy","6":"product_tag-masc","7":"product_tag-podopharm","8":"product_tag-skora-popekana","9":"product_tag-skora-sucha","10":"product_tag-stopy","11":"desktop-align-left","12":"tablet-align-left","13":"mobile-align-left","15":"first","16":"instock","17":"shipping-taxable","18":"purchasable","19":"product-type-simple"},"_links":{"self":[{"href":"https:\/\/bajecznyspa.pl\/sklep\/wp-json\/wp\/v2\/product\/3541","targetHints":{"allow":["GET"]}}],"collection":[{"href":"https:\/\/bajecznyspa.pl\/sklep\/wp-json\/wp\/v2\/product"}],"about":[{"href":"https:\/\/bajecznyspa.pl\/sklep\/wp-json\/wp\/v2\/types\/product"}],"replies":[{"embeddable":true,"href":"https:\/\/bajecznyspa.pl\/sklep\/wp-json\/wp\/v2\/comments?post=3541"}],"wp:attachment":[{"href":"https:\/\/bajecznyspa.pl\/sklep\/wp-json\/wp\/v2\/media?parent=3541"}],"wp:term":[{"taxonomy":"product_brand","embeddable":true,"href":"https:\/\/bajecznyspa.pl\/sklep\/wp-json\/wp\/v2\/product_brand?post=3541"},{"taxonomy":"product_cat","embeddable":true,"href":"https:\/\/bajecznyspa.pl\/sklep\/wp-json\/wp\/v2\/product_cat?post=3541"},{"taxonomy":"product_tag","embeddable":true,"href":"https:\/\/bajecznyspa.pl\/sklep\/wp-json\/wp\/v2\/product_tag?post=3541"}],"curies":[{"name":"wp","href":"https:\/\/api.w.org\/{rel}","templated":true}]}}