{"id":3544,"date":"2020-11-23T20:03:50","date_gmt":"2020-11-23T19:03:50","guid":{"rendered":"https:\/\/bajecznyspa.pl\/sklep\/?post_type=product&#038;p=3544"},"modified":"2021-09-14T11:03:40","modified_gmt":"2021-09-14T09:03:40","slug":"podoflex-krem-do-stop-w-piance-na-zrogowacenia","status":"publish","type":"product","link":"https:\/\/bajecznyspa.pl\/sklep\/produkt\/podoflex-krem-do-stop-w-piance-na-zrogowacenia\/","title":{"rendered":"PODOFLEX\u00ae Krem do st\u00f3p w piance na zrogowacenia"},"content":{"rendered":"<p><strong>Rodzaj piel\u0119gnacji: \u00a0<\/strong>Piel\u0119gnacja sk\u00f3ry suchej, pop\u0119kanej i odwodnionej<\/p>\n<p><strong>Wskazania:<\/strong><br \/>\nDo codziennej piel\u0119gnacji st\u00f3p suchych z tendencj\u0105 do rogowacenia nask\u00f3rka.\u00a0<strong>Polecany dla diabetyk\u00f3w.<\/strong><\/p>\n<p><strong>Dzia\u0142anie:<\/strong><br \/>\nSkoncentrowany preparat w formie lekkiej pianki. Dzi\u0119ki zawarto\u015bci 15% mocznika krem zapobiega nadmiernemu rogowaceniu nask\u00f3rka. Obecny w preparacie olej migda\u0142owy to bogactwo kwasu oleinowego, kwasu linolowego i witamin (A, B1, B2, B6, D i E). Zawarto\u015b\u0107 alantoiny oraz ekstraktu z nagietka \u0142agodz\u0105 podra\u017cnienia, wspomagaj\u0105 odnow\u0119 uszkodzonego nask\u00f3rka i dzia\u0142aj\u0105 zmi\u0119kczaj\u0105co. Pianka dzi\u0119ki swojej konsystencji idealnie si\u0119 wch\u0142ania pozostawiaj\u0105c stopy nawil\u017cone i g\u0142adkie.<\/p>\n<p><strong>Spos\u00f3b u\u017cycia:<\/strong><br \/>\nPrzed u\u017cyciem wstrz\u0105sn\u0105\u0107. Trzymaj\u0105c opakowanie w pozycji pionowej wycisn\u0105\u0107 odpowiedni\u0105 ilo\u015b\u0107 pianki wielko\u015bci oko\u0142o 3cm. Aplikowa\u0107 na czyst\u0105 i such\u0105 sk\u00f3r\u0119 st\u00f3p. Nast\u0119pnie wmasowa\u0107 a\u017c do ca\u0142kowitego wch\u0142oni\u0119cia si\u0119. Stosowa\u0107 1-2 razy dziennie. Idealna na zako\u0144czenie zabiegu pedicure medycznego i kosmetycznego.<\/p>\n<p><strong>Pojemno\u015b\u0107:\u00a0<\/strong>125 ml,<\/p>\n","protected":false},"excerpt":{"rendered":"<p>Rodzaj piel\u0119gnacji: \u00a0Piel\u0119gnacja sk\u00f3ry suchej, pop\u0119kanej i odwodnionej Wskazania: Do codziennej piel\u0119gnacji st\u00f3p suchych z tendencj\u0105 do rogowacenia nask\u00f3rka.\u00a0Polecany dla diabetyk\u00f3w. Dzia\u0142anie: Skoncentrowany preparat w formie lekkiej pianki. Dzi\u0119ki zawarto\u015bci 15% mocznika krem zapobiega nadmiernemu rogowaceniu nask\u00f3rka. Obecny w preparacie olej migda\u0142owy to bogactwo kwasu oleinowego, kwasu linolowego i witamin (A, B1, B2, B6, D [&hellip;]<\/p>\n","protected":false},"featured_media":0,"comment_status":"open","ping_status":"closed","template":"","meta":{"site-sidebar-layout":"default","site-content-layout":"default","ast-site-content-layout":"default","site-content-style":"default","site-sidebar-style":"default","ast-global-header-display":"","ast-banner-title-visibility":"","ast-main-header-display":"","ast-hfb-above-header-display":"","ast-hfb-below-header-display":"","ast-hfb-mobile-header-display":"","site-post-title":"","ast-breadcrumbs-content":"","ast-featured-img":"","footer-sml-layout":"","ast-disable-related-posts":"","theme-transparent-header-meta":"default","adv-header-id-meta":"","stick-header-meta":"","header-above-stick-meta":"","header-main-stick-meta":"","header-below-stick-meta":"","astra-migrate-meta-layouts":"default","ast-page-background-enabled":"default","ast-page-background-meta":{"desktop":{"background-color":"","background-image":"","background-repeat":"repeat","background-position":"center center","background-size":"auto","background-attachment":"scroll","background-type":"","background-media":"","overlay-type":"","overlay-color":"","overlay-opacity":"","overlay-gradient":""},"tablet":{"background-color":"","background-image":"","background-repeat":"repeat","background-position":"center center","background-size":"auto","background-attachment":"scroll","background-type":"","background-media":"","overlay-type":"","overlay-color":"","overlay-opacity":"","overlay-gradient":""},"mobile":{"background-color":"","background-image":"","background-repeat":"repeat","background-position":"center center","background-size":"auto","background-attachment":"scroll","background-type":"","background-media":"","overlay-type":"","overlay-color":"","overlay-opacity":"","overlay-gradient":""}},"ast-content-background-meta":{"desktop":{"background-color":"var(--ast-global-color-5)","background-image":"","background-repeat":"repeat","background-position":"center center","background-size":"auto","background-attachment":"scroll","background-type":"","background-media":"","overlay-type":"","overlay-color":"","overlay-opacity":"","overlay-gradient":""},"tablet":{"background-color":"var(--ast-global-color-5)","background-image":"","background-repeat":"repeat","background-position":"center center","background-size":"auto","background-attachment":"scroll","background-type":"","background-media":"","overlay-type":"","overlay-color":"","overlay-opacity":"","overlay-gradient":""},"mobile":{"background-color":"var(--ast-global-color-5)","background-image":"","background-repeat":"repeat","background-position":"center center","background-size":"auto","background-attachment":"scroll","background-type":"","background-media":"","overlay-type":"","overlay-color":"","overlay-opacity":"","overlay-gradient":""}},"wds_primary_product_brand":0,"wds_primary_product_cat":0},"product_brand":[],"product_cat":[32],"product_tag":[39,35,41,25,34,43],"class_list":{"0":"post-3544","1":"product","2":"type-product","3":"status-publish","5":"product_cat-dlonieistopy","6":"product_tag-krem","7":"product_tag-podopharm","8":"product_tag-skora-popekana","9":"product_tag-skora-sucha","10":"product_tag-stopy","11":"product_tag-zrogowacenia","12":"desktop-align-left","13":"tablet-align-left","14":"mobile-align-left","16":"first","17":"outofstock","18":"shipping-taxable","19":"purchasable","20":"product-type-simple"},"_links":{"self":[{"href":"https:\/\/bajecznyspa.pl\/sklep\/wp-json\/wp\/v2\/product\/3544","targetHints":{"allow":["GET"]}}],"collection":[{"href":"https:\/\/bajecznyspa.pl\/sklep\/wp-json\/wp\/v2\/product"}],"about":[{"href":"https:\/\/bajecznyspa.pl\/sklep\/wp-json\/wp\/v2\/types\/product"}],"replies":[{"embeddable":true,"href":"https:\/\/bajecznyspa.pl\/sklep\/wp-json\/wp\/v2\/comments?post=3544"}],"wp:attachment":[{"href":"https:\/\/bajecznyspa.pl\/sklep\/wp-json\/wp\/v2\/media?parent=3544"}],"wp:term":[{"taxonomy":"product_brand","embeddable":true,"href":"https:\/\/bajecznyspa.pl\/sklep\/wp-json\/wp\/v2\/product_brand?post=3544"},{"taxonomy":"product_cat","embeddable":true,"href":"https:\/\/bajecznyspa.pl\/sklep\/wp-json\/wp\/v2\/product_cat?post=3544"},{"taxonomy":"product_tag","embeddable":true,"href":"https:\/\/bajecznyspa.pl\/sklep\/wp-json\/wp\/v2\/product_tag?post=3544"}],"curies":[{"name":"wp","href":"https:\/\/api.w.org\/{rel}","templated":true}]}}