{"id":3546,"date":"2020-11-23T20:15:44","date_gmt":"2020-11-23T19:15:44","guid":{"rendered":"https:\/\/bajecznyspa.pl\/sklep\/?post_type=product&#038;p=3546"},"modified":"2021-09-14T11:06:31","modified_gmt":"2021-09-14T09:06:31","slug":"podoflex-krem-do-stop-w-piance-z-aktywna-spirulina","status":"publish","type":"product","link":"https:\/\/bajecznyspa.pl\/sklep\/produkt\/podoflex-krem-do-stop-w-piance-z-aktywna-spirulina\/","title":{"rendered":"PODOFLEX\u00ae Krem do st\u00f3p w piance z aktywn\u0105 spirulin\u0105"},"content":{"rendered":"<p><strong>Rodzaj piel\u0119gnacji<\/strong><strong>:<\/strong><strong>\u00a0<\/strong>Od\u015bwie\u017cenie, nadpotliwo\u015b\u0107 oraz dzia\u0142anie przeciwgrzybiczne<\/p>\n<p><strong>Wskazania:<\/strong><br \/>\nDo codziennej piel\u0119gnacji st\u00f3p. Idealny dla os\u00f3b uprawiaj\u0105cych sporty.\u00a0<strong>Polecany dla diabetyk\u00f3w.<\/strong><\/p>\n<p><strong>Dzia\u0142anie:<\/strong><br \/>\nSkoncentrowany preparat w formie lekkiej pianki. Zawiera skwalan, kt\u00f3ry stabilizuje struktur\u0119 lipid\u00f3w sk\u00f3rnych doskonale regeneruj\u0105c nask\u00f3rek. Jest r\u00f3wnie\u017c substancj\u0105 wchodz\u0105c\u0105 w sk\u0142ad ludzkiego sebum. Jego rola w utrzymaniu kondycji ludzkiej sk\u00f3ry jest bardzo wa\u017cna. Obecna w preparacie spirulina to bogactwo minera\u0142\u00f3w, aminokwas\u00f3w, witamin, protein. Zawarto\u015b\u0107 alantoiny \u0142agodzi podra\u017cnienia i wspomaga regeneracj\u0119 nask\u00f3rka. Pianka przyjemnie pachnie a dzi\u0119ki swojej konsystencji idealnie si\u0119 wch\u0142ania. Pozostawia stopy nawil\u017cone i g\u0142adkie. Mo\u017cna stosowa\u0107 na przestrzenie mi\u0119dzypalcowe st\u00f3p.<\/p>\n<p><strong>Spos\u00f3b u\u017cycia:<\/strong><br \/>\nPrzed u\u017cyciem wstrz\u0105sn\u0105\u0107. Trzymaj\u0105c opakowanie w pozycji pionowej wycisn\u0105\u0107 odpowiedni\u0105 ilo\u015b\u0107 pianki wielko\u015bci oko\u0142o 3cm. Aplikowa\u0107 na czyst\u0105 i such\u0105 sk\u00f3r\u0119 st\u00f3p. Nast\u0119pnie wmasowa\u0107 a\u017c do ca\u0142kowitego wch\u0142oni\u0119cia si\u0119. Stosowa\u0107 1-2 razy dziennie.<\/p>\n<p><strong>Pojemno\u015b\u0107:<\/strong>\u00a0125 m<\/p>\n","protected":false},"excerpt":{"rendered":"<p>Rodzaj piel\u0119gnacji:\u00a0Od\u015bwie\u017cenie, nadpotliwo\u015b\u0107 oraz dzia\u0142anie przeciwgrzybiczne Wskazania: Do codziennej piel\u0119gnacji st\u00f3p. Idealny dla os\u00f3b uprawiaj\u0105cych sporty.\u00a0Polecany dla diabetyk\u00f3w. Dzia\u0142anie: Skoncentrowany preparat w formie lekkiej pianki. Zawiera skwalan, kt\u00f3ry stabilizuje struktur\u0119 lipid\u00f3w sk\u00f3rnych doskonale regeneruj\u0105c nask\u00f3rek. Jest r\u00f3wnie\u017c substancj\u0105 wchodz\u0105c\u0105 w sk\u0142ad ludzkiego sebum. Jego rola w utrzymaniu kondycji ludzkiej sk\u00f3ry jest bardzo wa\u017cna. Obecna w [&hellip;]<\/p>\n","protected":false},"featured_media":0,"comment_status":"open","ping_status":"closed","template":"","meta":{"site-sidebar-layout":"default","site-content-layout":"default","ast-site-content-layout":"default","site-content-style":"default","site-sidebar-style":"default","ast-global-header-display":"","ast-banner-title-visibility":"","ast-main-header-display":"","ast-hfb-above-header-display":"","ast-hfb-below-header-display":"","ast-hfb-mobile-header-display":"","site-post-title":"","ast-breadcrumbs-content":"","ast-featured-img":"","footer-sml-layout":"","ast-disable-related-posts":"","theme-transparent-header-meta":"default","adv-header-id-meta":"","stick-header-meta":"","header-above-stick-meta":"","header-main-stick-meta":"","header-below-stick-meta":"","astra-migrate-meta-layouts":"default","ast-page-background-enabled":"default","ast-page-background-meta":{"desktop":{"background-color":"","background-image":"","background-repeat":"repeat","background-position":"center center","background-size":"auto","background-attachment":"scroll","background-type":"","background-media":"","overlay-type":"","overlay-color":"","overlay-opacity":"","overlay-gradient":""},"tablet":{"background-color":"","background-image":"","background-repeat":"repeat","background-position":"center center","background-size":"auto","background-attachment":"scroll","background-type":"","background-media":"","overlay-type":"","overlay-color":"","overlay-opacity":"","overlay-gradient":""},"mobile":{"background-color":"","background-image":"","background-repeat":"repeat","background-position":"center center","background-size":"auto","background-attachment":"scroll","background-type":"","background-media":"","overlay-type":"","overlay-color":"","overlay-opacity":"","overlay-gradient":""}},"ast-content-background-meta":{"desktop":{"background-color":"var(--ast-global-color-5)","background-image":"","background-repeat":"repeat","background-position":"center center","background-size":"auto","background-attachment":"scroll","background-type":"","background-media":"","overlay-type":"","overlay-color":"","overlay-opacity":"","overlay-gradient":""},"tablet":{"background-color":"var(--ast-global-color-5)","background-image":"","background-repeat":"repeat","background-position":"center center","background-size":"auto","background-attachment":"scroll","background-type":"","background-media":"","overlay-type":"","overlay-color":"","overlay-opacity":"","overlay-gradient":""},"mobile":{"background-color":"var(--ast-global-color-5)","background-image":"","background-repeat":"repeat","background-position":"center center","background-size":"auto","background-attachment":"scroll","background-type":"","background-media":"","overlay-type":"","overlay-color":"","overlay-opacity":"","overlay-gradient":""}},"wds_primary_product_brand":0,"wds_primary_product_cat":0},"product_brand":[],"product_cat":[32],"product_tag":[45,39,37,35,44,34],"class_list":{"0":"post-3546","1":"product","2":"type-product","3":"status-publish","5":"product_cat-dlonieistopy","6":"product_tag-dzialanie-przeciwgrzybicze","7":"product_tag-krem","8":"product_tag-nadpotliwosc","9":"product_tag-podopharm","10":"product_tag-spirulina","11":"product_tag-stopy","12":"desktop-align-left","13":"tablet-align-left","14":"mobile-align-left","16":"first","17":"outofstock","18":"shipping-taxable","19":"purchasable","20":"product-type-simple"},"_links":{"self":[{"href":"https:\/\/bajecznyspa.pl\/sklep\/wp-json\/wp\/v2\/product\/3546","targetHints":{"allow":["GET"]}}],"collection":[{"href":"https:\/\/bajecznyspa.pl\/sklep\/wp-json\/wp\/v2\/product"}],"about":[{"href":"https:\/\/bajecznyspa.pl\/sklep\/wp-json\/wp\/v2\/types\/product"}],"replies":[{"embeddable":true,"href":"https:\/\/bajecznyspa.pl\/sklep\/wp-json\/wp\/v2\/comments?post=3546"}],"wp:attachment":[{"href":"https:\/\/bajecznyspa.pl\/sklep\/wp-json\/wp\/v2\/media?parent=3546"}],"wp:term":[{"taxonomy":"product_brand","embeddable":true,"href":"https:\/\/bajecznyspa.pl\/sklep\/wp-json\/wp\/v2\/product_brand?post=3546"},{"taxonomy":"product_cat","embeddable":true,"href":"https:\/\/bajecznyspa.pl\/sklep\/wp-json\/wp\/v2\/product_cat?post=3546"},{"taxonomy":"product_tag","embeddable":true,"href":"https:\/\/bajecznyspa.pl\/sklep\/wp-json\/wp\/v2\/product_tag?post=3546"}],"curies":[{"name":"wp","href":"https:\/\/api.w.org\/{rel}","templated":true}]}}