{"id":3548,"date":"2020-11-23T20:30:17","date_gmt":"2020-11-23T19:30:17","guid":{"rendered":"https:\/\/bajecznyspa.pl\/sklep\/?post_type=product&#038;p=3548"},"modified":"2024-08-09T13:27:44","modified_gmt":"2024-08-09T11:27:44","slug":"podoflex-krem-do-stop-z-colostrum","status":"publish","type":"product","link":"https:\/\/bajecznyspa.pl\/sklep\/produkt\/podoflex-krem-do-stop-z-colostrum\/","title":{"rendered":"PODOFLEX\u00ae Krem do st\u00f3p z colostrum"},"content":{"rendered":"<p><strong>Rodzaj piel\u0119gnacji\u00a0: <\/strong>Piel\u0119gnacja i regeneracja sk\u00f3ry wra\u017cliwej sk\u0142onnej do podra\u017cnie\u0144<\/p>\n<p><strong>Wskazania:<\/strong><br \/>\nDo st\u00f3p suchych, wra\u017cliwych, p\u0119kaj\u0105cych i wymagaj\u0105cych regeneracji.\u00a0<strong>Polecany dla diabetyk\u00f3w oraz kobiet w ci\u0105\u017cy.<\/strong><br \/>\n<strong>Dzia\u0142anie:<\/strong><br \/>\nSkoncentrowana formu\u0142a preparatu oparta jest na technologii ciek\u0142ych kryszta\u0142\u00f3w oraz innowacyjnym sk\u0142adniku colostrum bovinum z 40% t\u0142uszczem. Colostrum jest cenione ze wzgl\u0119du na swoje dobroczynne w\u0142a\u015bciwo\u015bci. Mieszanka naturalnych olei: buriti, kokosowego, z oliwek i mas\u0142a shea nadaje stopom g\u0142\u0119bokie nawil\u017cenie, mi\u0119kko\u015b\u0107 i elastyczno\u015b\u0107. Sok z aloesu, allantoina, ekstrakt z kasztanowca dzia\u0142aj\u0105 regeneruj\u0105co i niweluj\u0105 pieczenie.<\/p>\n<p><strong>Spos\u00f3b u\u017cycia:<\/strong><br \/>\nKrem aplikowa\u0107 1-2 razy dziennie na stopy przez dowolny okres czasu.<\/p>\n<p><strong>Pojemno\u015b\u0107:<\/strong> 75 ml<\/p>\n<p>&nbsp;<\/p>\n","protected":false},"excerpt":{"rendered":"<p>Rodzaj piel\u0119gnacji\u00a0: Piel\u0119gnacja i regeneracja sk\u00f3ry wra\u017cliwej sk\u0142onnej do podra\u017cnie\u0144 Wskazania: Do st\u00f3p suchych, wra\u017cliwych, p\u0119kaj\u0105cych i wymagaj\u0105cych regeneracji.\u00a0Polecany dla diabetyk\u00f3w oraz kobiet w ci\u0105\u017cy. Dzia\u0142anie: Skoncentrowana formu\u0142a preparatu oparta jest na technologii ciek\u0142ych kryszta\u0142\u00f3w oraz innowacyjnym sk\u0142adniku colostrum bovinum z 40% t\u0142uszczem. Colostrum jest cenione ze wzgl\u0119du na swoje dobroczynne w\u0142a\u015bciwo\u015bci. Mieszanka naturalnych olei: [&hellip;]<\/p>\n","protected":false},"featured_media":0,"comment_status":"open","ping_status":"closed","template":"","meta":{"site-sidebar-layout":"default","site-content-layout":"default","ast-site-content-layout":"default","site-content-style":"default","site-sidebar-style":"default","ast-global-header-display":"","ast-banner-title-visibility":"","ast-main-header-display":"","ast-hfb-above-header-display":"","ast-hfb-below-header-display":"","ast-hfb-mobile-header-display":"","site-post-title":"","ast-breadcrumbs-content":"","ast-featured-img":"","footer-sml-layout":"","ast-disable-related-posts":"","theme-transparent-header-meta":"default","adv-header-id-meta":"","stick-header-meta":"","header-above-stick-meta":"","header-main-stick-meta":"","header-below-stick-meta":"","astra-migrate-meta-layouts":"default","ast-page-background-enabled":"default","ast-page-background-meta":{"desktop":{"background-color":"","background-image":"","background-repeat":"repeat","background-position":"center center","background-size":"auto","background-attachment":"scroll","background-type":"","background-media":"","overlay-type":"","overlay-color":"","overlay-opacity":"","overlay-gradient":""},"tablet":{"background-color":"","background-image":"","background-repeat":"repeat","background-position":"center center","background-size":"auto","background-attachment":"scroll","background-type":"","background-media":"","overlay-type":"","overlay-color":"","overlay-opacity":"","overlay-gradient":""},"mobile":{"background-color":"","background-image":"","background-repeat":"repeat","background-position":"center center","background-size":"auto","background-attachment":"scroll","background-type":"","background-media":"","overlay-type":"","overlay-color":"","overlay-opacity":"","overlay-gradient":""}},"ast-content-background-meta":{"desktop":{"background-color":"var(--ast-global-color-5)","background-image":"","background-repeat":"repeat","background-position":"center center","background-size":"auto","background-attachment":"scroll","background-type":"","background-media":"","overlay-type":"","overlay-color":"","overlay-opacity":"","overlay-gradient":""},"tablet":{"background-color":"var(--ast-global-color-5)","background-image":"","background-repeat":"repeat","background-position":"center center","background-size":"auto","background-attachment":"scroll","background-type":"","background-media":"","overlay-type":"","overlay-color":"","overlay-opacity":"","overlay-gradient":""},"mobile":{"background-color":"var(--ast-global-color-5)","background-image":"","background-repeat":"repeat","background-position":"center center","background-size":"auto","background-attachment":"scroll","background-type":"","background-media":"","overlay-type":"","overlay-color":"","overlay-opacity":"","overlay-gradient":""}},"wds_primary_product_brand":0,"wds_primary_product_cat":0},"product_brand":[],"product_cat":[32],"product_tag":[47,39,35,46,34],"class_list":{"0":"post-3548","1":"product","2":"type-product","3":"status-publish","5":"product_cat-dlonieistopy","6":"product_tag-colostrum","7":"product_tag-krem","8":"product_tag-podopharm","9":"product_tag-skora-wrazliwa","10":"product_tag-stopy","11":"desktop-align-left","12":"tablet-align-left","13":"mobile-align-left","15":"first","16":"instock","17":"shipping-taxable","18":"purchasable","19":"product-type-simple"},"_links":{"self":[{"href":"https:\/\/bajecznyspa.pl\/sklep\/wp-json\/wp\/v2\/product\/3548","targetHints":{"allow":["GET"]}}],"collection":[{"href":"https:\/\/bajecznyspa.pl\/sklep\/wp-json\/wp\/v2\/product"}],"about":[{"href":"https:\/\/bajecznyspa.pl\/sklep\/wp-json\/wp\/v2\/types\/product"}],"replies":[{"embeddable":true,"href":"https:\/\/bajecznyspa.pl\/sklep\/wp-json\/wp\/v2\/comments?post=3548"}],"wp:attachment":[{"href":"https:\/\/bajecznyspa.pl\/sklep\/wp-json\/wp\/v2\/media?parent=3548"}],"wp:term":[{"taxonomy":"product_brand","embeddable":true,"href":"https:\/\/bajecznyspa.pl\/sklep\/wp-json\/wp\/v2\/product_brand?post=3548"},{"taxonomy":"product_cat","embeddable":true,"href":"https:\/\/bajecznyspa.pl\/sklep\/wp-json\/wp\/v2\/product_cat?post=3548"},{"taxonomy":"product_tag","embeddable":true,"href":"https:\/\/bajecznyspa.pl\/sklep\/wp-json\/wp\/v2\/product_tag?post=3548"}],"curies":[{"name":"wp","href":"https:\/\/api.w.org\/{rel}","templated":true}]}}