{"id":3552,"date":"2020-11-23T20:44:48","date_gmt":"2020-11-23T19:44:48","guid":{"rendered":"https:\/\/bajecznyspa.pl\/sklep\/?post_type=product&#038;p=3552"},"modified":"2023-02-20T19:37:28","modified_gmt":"2023-02-20T18:37:28","slug":"podoflex-krem-do-stop-z-lipidami","status":"publish","type":"product","link":"https:\/\/bajecznyspa.pl\/sklep\/produkt\/podoflex-krem-do-stop-z-lipidami\/","title":{"rendered":"PODOFLEX\u00ae Krem do st\u00f3p z lipidami"},"content":{"rendered":"<p><strong>Rodzaj piel\u0119gnacji: \u00a0<\/strong>Piel\u0119gnacja i regeneracja sk\u00f3ry wra\u017cliwej sk\u0142onnej do podra\u017cnie\u0144<\/p>\n<p><strong>Wskazania:<\/strong><br \/>\nDo piel\u0119gnacji st\u00f3p suchych z tendencj\u0105 do nadmiernego rogowacenia.\u00a0<strong>Polecany dla diabetyk\u00f3w.<\/strong><\/p>\n<p><strong>Dzia\u0142anie:<\/strong><br \/>\nPreparat tworzy wyj\u0105tkowe po\u0142\u0105czenie naturalnych t\u0142uszczy z oleju z mas\u0142osza, oleju sojowego, lanoliny i gliceryny. Zawiera ekstrakt z owoc\u00f3w goji, kt\u00f3ry skutecznie zwalcza dzia\u0142anie wolnych rodnik\u00f3w, spowalnia proces starzenia si\u0119 sk\u00f3ry i jest bogactwem witamin C i B. Obecno\u015b\u0107 alantoiny \u0142agodzi podra\u017cnienia i wspomaga odnow\u0119 uszkodzonego nask\u00f3rka. Krem dzi\u0119ki swojej konsystencji idealnie si\u0119 wch\u0142ania pozostawiaj\u0105c stopy delikatne i g\u0142adkie.<\/p>\n<p><strong>Spos\u00f3b u\u017cycia:<\/strong><br \/>\nOdpowiedni\u0105 ilo\u015b\u0107 preparatu na\u0142o\u017cy\u0107 na stopy. Nast\u0119pnie wmasowa\u0107 a\u017c do ca\u0142kowitego wch\u0142oni\u0119cia si\u0119. Idealny na zako\u0144czenie zabieg\u00f3w pedicure.<\/p>\n<p><strong>Pojemno\u015b\u0107:\u00a0<\/strong>75 ml<\/p>\n","protected":false},"excerpt":{"rendered":"<p>Rodzaj piel\u0119gnacji: \u00a0Piel\u0119gnacja i regeneracja sk\u00f3ry wra\u017cliwej sk\u0142onnej do podra\u017cnie\u0144 Wskazania: Do piel\u0119gnacji st\u00f3p suchych z tendencj\u0105 do nadmiernego rogowacenia.\u00a0Polecany dla diabetyk\u00f3w. Dzia\u0142anie: Preparat tworzy wyj\u0105tkowe po\u0142\u0105czenie naturalnych t\u0142uszczy z oleju z mas\u0142osza, oleju sojowego, lanoliny i gliceryny. Zawiera ekstrakt z owoc\u00f3w goji, kt\u00f3ry skutecznie zwalcza dzia\u0142anie wolnych rodnik\u00f3w, spowalnia proces starzenia si\u0119 sk\u00f3ry i [&hellip;]<\/p>\n","protected":false},"featured_media":0,"comment_status":"open","ping_status":"closed","template":"","meta":{"site-sidebar-layout":"default","site-content-layout":"default","ast-site-content-layout":"default","site-content-style":"default","site-sidebar-style":"default","ast-global-header-display":"","ast-banner-title-visibility":"","ast-main-header-display":"","ast-hfb-above-header-display":"","ast-hfb-below-header-display":"","ast-hfb-mobile-header-display":"","site-post-title":"","ast-breadcrumbs-content":"","ast-featured-img":"","footer-sml-layout":"","ast-disable-related-posts":"","theme-transparent-header-meta":"default","adv-header-id-meta":"","stick-header-meta":"","header-above-stick-meta":"","header-main-stick-meta":"","header-below-stick-meta":"","astra-migrate-meta-layouts":"default","ast-page-background-enabled":"default","ast-page-background-meta":{"desktop":{"background-color":"","background-image":"","background-repeat":"repeat","background-position":"center center","background-size":"auto","background-attachment":"scroll","background-type":"","background-media":"","overlay-type":"","overlay-color":"","overlay-opacity":"","overlay-gradient":""},"tablet":{"background-color":"","background-image":"","background-repeat":"repeat","background-position":"center center","background-size":"auto","background-attachment":"scroll","background-type":"","background-media":"","overlay-type":"","overlay-color":"","overlay-opacity":"","overlay-gradient":""},"mobile":{"background-color":"","background-image":"","background-repeat":"repeat","background-position":"center center","background-size":"auto","background-attachment":"scroll","background-type":"","background-media":"","overlay-type":"","overlay-color":"","overlay-opacity":"","overlay-gradient":""}},"ast-content-background-meta":{"desktop":{"background-color":"var(--ast-global-color-5)","background-image":"","background-repeat":"repeat","background-position":"center center","background-size":"auto","background-attachment":"scroll","background-type":"","background-media":"","overlay-type":"","overlay-color":"","overlay-opacity":"","overlay-gradient":""},"tablet":{"background-color":"var(--ast-global-color-5)","background-image":"","background-repeat":"repeat","background-position":"center center","background-size":"auto","background-attachment":"scroll","background-type":"","background-media":"","overlay-type":"","overlay-color":"","overlay-opacity":"","overlay-gradient":""},"mobile":{"background-color":"var(--ast-global-color-5)","background-image":"","background-repeat":"repeat","background-position":"center center","background-size":"auto","background-attachment":"scroll","background-type":"","background-media":"","overlay-type":"","overlay-color":"","overlay-opacity":"","overlay-gradient":""}},"wds_primary_product_brand":0,"wds_primary_product_cat":0},"product_brand":[],"product_cat":[32],"product_tag":[39,35,48,46,34],"class_list":{"0":"post-3552","1":"product","2":"type-product","3":"status-publish","5":"product_cat-dlonieistopy","6":"product_tag-krem","7":"product_tag-podopharm","8":"product_tag-regeneracja","9":"product_tag-skora-wrazliwa","10":"product_tag-stopy","11":"desktop-align-left","12":"tablet-align-left","13":"mobile-align-left","15":"first","16":"instock","17":"shipping-taxable","18":"purchasable","19":"product-type-simple"},"_links":{"self":[{"href":"https:\/\/bajecznyspa.pl\/sklep\/wp-json\/wp\/v2\/product\/3552","targetHints":{"allow":["GET"]}}],"collection":[{"href":"https:\/\/bajecznyspa.pl\/sklep\/wp-json\/wp\/v2\/product"}],"about":[{"href":"https:\/\/bajecznyspa.pl\/sklep\/wp-json\/wp\/v2\/types\/product"}],"replies":[{"embeddable":true,"href":"https:\/\/bajecznyspa.pl\/sklep\/wp-json\/wp\/v2\/comments?post=3552"}],"wp:attachment":[{"href":"https:\/\/bajecznyspa.pl\/sklep\/wp-json\/wp\/v2\/media?parent=3552"}],"wp:term":[{"taxonomy":"product_brand","embeddable":true,"href":"https:\/\/bajecznyspa.pl\/sklep\/wp-json\/wp\/v2\/product_brand?post=3552"},{"taxonomy":"product_cat","embeddable":true,"href":"https:\/\/bajecznyspa.pl\/sklep\/wp-json\/wp\/v2\/product_cat?post=3552"},{"taxonomy":"product_tag","embeddable":true,"href":"https:\/\/bajecznyspa.pl\/sklep\/wp-json\/wp\/v2\/product_tag?post=3552"}],"curies":[{"name":"wp","href":"https:\/\/api.w.org\/{rel}","templated":true}]}}