{"id":3554,"date":"2020-11-23T20:50:21","date_gmt":"2020-11-23T19:50:21","guid":{"rendered":"https:\/\/bajecznyspa.pl\/sklep\/?post_type=product&#038;p=3554"},"modified":"2024-01-09T23:50:39","modified_gmt":"2024-01-09T22:50:39","slug":"podoflex-masc-do-stop-z-mocznikiem-10","status":"publish","type":"product","link":"https:\/\/bajecznyspa.pl\/sklep\/produkt\/podoflex-masc-do-stop-z-mocznikiem-10\/","title":{"rendered":"PODOFLEX\u00ae Ma\u015b\u0107 do st\u00f3p z mocznikiem 10%"},"content":{"rendered":"<p><strong>Rodzaj piel\u0119gnacji: \u00a0<\/strong>Piel\u0119gnacja sk\u00f3ry suchej, pop\u0119kanej i odwodnionej<\/p>\n<p><strong>Wskazania:<\/strong><\/p>\n<p>Do piel\u0119gnacji st\u00f3p z hiperkeratoz\u0105, modzelami, p\u0119kaniem nask\u00f3rka. Przy zmi\u0119kczaniu wa\u0142\u00f3w paznokciowych.\u00a0<strong>Polecana dla diabetyk\u00f3w.<\/strong><\/p>\n<p><strong>Dzia\u0142anie:<\/strong><\/p>\n<p>Preparat zawiera mocznik (10%) i \u017cel z aloesu, kt\u00f3re wp\u0142ywaj\u0105 na mi\u0119kko\u015b\u0107 i elastyczno\u015b\u0107 sk\u00f3ry oraz zapobiegaj\u0105 ponownemu rogowaceniu. Ma\u015b\u0107 zawiera mas\u0142o shea i lanolin\u0119, kt\u00f3re maj\u0105 w\u0142a\u015bciwo\u015bci nat\u0142uszczaj\u0105ce. Obecna w ma\u015bci arginina, witamina E, witamina PP, alantoina poprawia wygl\u0105d sk\u00f3ry. Ekstrakt z nostrzyka \u017c\u00f3\u0142tego dzia\u0142a \u0142agodz\u0105co a olejek herbaciany regeneruj\u0105co i od\u015bwie\u017caj\u0105co.<\/p>\n<p><strong>Spos\u00f3b u\u017cycia:<\/strong><br \/>\nPreparat na\u0142o\u017cy\u0107 na stopy w miejsca obj\u0119te nadmiernym rogowaceniem. Stosowa\u0107 2 razy dziennie w profilaktyce 1 raz dziennie. Idealna na zako\u0144czenie zabiegu pedicure kosmetycznego i medycznego.<\/p>\n<p><strong>Pojemno\u015b\u0107:<\/strong> 75 ml<\/p>\n","protected":false},"excerpt":{"rendered":"<p>Rodzaj piel\u0119gnacji: \u00a0Piel\u0119gnacja sk\u00f3ry suchej, pop\u0119kanej i odwodnionej Wskazania: Do piel\u0119gnacji st\u00f3p z hiperkeratoz\u0105, modzelami, p\u0119kaniem nask\u00f3rka. Przy zmi\u0119kczaniu wa\u0142\u00f3w paznokciowych.\u00a0Polecana dla diabetyk\u00f3w. Dzia\u0142anie: Preparat zawiera mocznik (10%) i \u017cel z aloesu, kt\u00f3re wp\u0142ywaj\u0105 na mi\u0119kko\u015b\u0107 i elastyczno\u015b\u0107 sk\u00f3ry oraz zapobiegaj\u0105 ponownemu rogowaceniu. Ma\u015b\u0107 zawiera mas\u0142o shea i lanolin\u0119, kt\u00f3re maj\u0105 w\u0142a\u015bciwo\u015bci nat\u0142uszczaj\u0105ce. Obecna w [&hellip;]<\/p>\n","protected":false},"featured_media":0,"comment_status":"open","ping_status":"closed","template":"","meta":{"site-sidebar-layout":"default","site-content-layout":"default","ast-site-content-layout":"default","site-content-style":"default","site-sidebar-style":"default","ast-global-header-display":"","ast-banner-title-visibility":"","ast-main-header-display":"","ast-hfb-above-header-display":"","ast-hfb-below-header-display":"","ast-hfb-mobile-header-display":"","site-post-title":"","ast-breadcrumbs-content":"","ast-featured-img":"","footer-sml-layout":"","ast-disable-related-posts":"","theme-transparent-header-meta":"default","adv-header-id-meta":"","stick-header-meta":"","header-above-stick-meta":"","header-main-stick-meta":"","header-below-stick-meta":"","astra-migrate-meta-layouts":"default","ast-page-background-enabled":"default","ast-page-background-meta":{"desktop":{"background-color":"","background-image":"","background-repeat":"repeat","background-position":"center center","background-size":"auto","background-attachment":"scroll","background-type":"","background-media":"","overlay-type":"","overlay-color":"","overlay-opacity":"","overlay-gradient":""},"tablet":{"background-color":"","background-image":"","background-repeat":"repeat","background-position":"center center","background-size":"auto","background-attachment":"scroll","background-type":"","background-media":"","overlay-type":"","overlay-color":"","overlay-opacity":"","overlay-gradient":""},"mobile":{"background-color":"","background-image":"","background-repeat":"repeat","background-position":"center center","background-size":"auto","background-attachment":"scroll","background-type":"","background-media":"","overlay-type":"","overlay-color":"","overlay-opacity":"","overlay-gradient":""}},"ast-content-background-meta":{"desktop":{"background-color":"var(--ast-global-color-5)","background-image":"","background-repeat":"repeat","background-position":"center center","background-size":"auto","background-attachment":"scroll","background-type":"","background-media":"","overlay-type":"","overlay-color":"","overlay-opacity":"","overlay-gradient":""},"tablet":{"background-color":"var(--ast-global-color-5)","background-image":"","background-repeat":"repeat","background-position":"center center","background-size":"auto","background-attachment":"scroll","background-type":"","background-media":"","overlay-type":"","overlay-color":"","overlay-opacity":"","overlay-gradient":""},"mobile":{"background-color":"var(--ast-global-color-5)","background-image":"","background-repeat":"repeat","background-position":"center center","background-size":"auto","background-attachment":"scroll","background-type":"","background-media":"","overlay-type":"","overlay-color":"","overlay-opacity":"","overlay-gradient":""}},"wds_primary_product_brand":0,"wds_primary_product_cat":0},"product_brand":[],"product_cat":[32],"product_tag":[39,49,35,41,25,34],"class_list":{"0":"post-3554","1":"product","2":"type-product","3":"status-publish","5":"product_cat-dlonieistopy","6":"product_tag-krem","7":"product_tag-mocznik","8":"product_tag-podopharm","9":"product_tag-skora-popekana","10":"product_tag-skora-sucha","11":"product_tag-stopy","12":"desktop-align-left","13":"tablet-align-left","14":"mobile-align-left","16":"first","17":"instock","18":"shipping-taxable","19":"purchasable","20":"product-type-simple"},"_links":{"self":[{"href":"https:\/\/bajecznyspa.pl\/sklep\/wp-json\/wp\/v2\/product\/3554","targetHints":{"allow":["GET"]}}],"collection":[{"href":"https:\/\/bajecznyspa.pl\/sklep\/wp-json\/wp\/v2\/product"}],"about":[{"href":"https:\/\/bajecznyspa.pl\/sklep\/wp-json\/wp\/v2\/types\/product"}],"replies":[{"embeddable":true,"href":"https:\/\/bajecznyspa.pl\/sklep\/wp-json\/wp\/v2\/comments?post=3554"}],"wp:attachment":[{"href":"https:\/\/bajecznyspa.pl\/sklep\/wp-json\/wp\/v2\/media?parent=3554"}],"wp:term":[{"taxonomy":"product_brand","embeddable":true,"href":"https:\/\/bajecznyspa.pl\/sklep\/wp-json\/wp\/v2\/product_brand?post=3554"},{"taxonomy":"product_cat","embeddable":true,"href":"https:\/\/bajecznyspa.pl\/sklep\/wp-json\/wp\/v2\/product_cat?post=3554"},{"taxonomy":"product_tag","embeddable":true,"href":"https:\/\/bajecznyspa.pl\/sklep\/wp-json\/wp\/v2\/product_tag?post=3554"}],"curies":[{"name":"wp","href":"https:\/\/api.w.org\/{rel}","templated":true}]}}