{"id":3556,"date":"2020-11-23T20:57:02","date_gmt":"2020-11-23T19:57:02","guid":{"rendered":"https:\/\/bajecznyspa.pl\/sklep\/?post_type=product&#038;p=3556"},"modified":"2023-02-20T19:35:19","modified_gmt":"2023-02-20T18:35:19","slug":"podoflex-zmiekczajace-perelki-do-kapieli-dloni-i-stop-z-mocznikiem-i-witamina-e","status":"publish","type":"product","link":"https:\/\/bajecznyspa.pl\/sklep\/produkt\/podoflex-zmiekczajace-perelki-do-kapieli-dloni-i-stop-z-mocznikiem-i-witamina-e\/","title":{"rendered":"PODOFLEX\u00ae Zmi\u0119kczaj\u0105ce pere\u0142ki do k\u0105pieli d\u0142oni i st\u00f3p z mocznikiem i witamin\u0105 E"},"content":{"rendered":"<p><strong>Rodzaj piel\u0119gnacji: \u00a0<\/strong>Piel\u0119gnacja i regeneracja sk\u00f3ry wra\u017cliwej sk\u0142onnej do podra\u017cnie\u0144<\/p>\n<p><strong>Wskazania:<\/strong><br \/>\nDo k\u0105pieli d\u0142oni i st\u00f3p. Przed zabiegiem manicure, pedicure oraz relaksuj\u0105cych k\u0105pieli ca\u0142ego cia\u0142a. Dla sk\u00f3r potrzebuj\u0105cych regeneracji i nawil\u017cenia.\u00a0<strong>Polecane dla diabetyk\u00f3w.<\/strong><\/p>\n<p><strong>Dzia\u0142anie:<\/strong><br \/>\nSkoncentrowane pere\u0142ki zawieraj\u0105 a\u017c 97% mocznika oraz witamin\u0119 E nazywan\u0105 \u201ewitamin\u0105 m\u0142odo\u015bci\u201d zwalczaj\u0105c\u0105 skutecznie dzia\u0142anie wolnych rodnik\u00f3w. Pere\u0142ki doskonale od\u015bwie\u017caj\u0105 i przynosz\u0105 ukojenie najbardziej wymagaj\u0105cej sk\u00f3rze. Obecno\u015b\u0107 owocowego aromatu wyj\u0105tkowo wprowadza w stan relaksu.<\/p>\n<p><strong>Spos\u00f3b u\u017cycia:<\/strong><br \/>\n1\/2 nakr\u0119tki pere\u0142ek rozpu\u015bci\u0107 w 3 litrach ciep\u0142ej wody max.38\u00ba C. Zalecana k\u0105piel d\u0142oni i st\u00f3p oko\u0142o 10 &#8211; 15minut. Nast\u0119pnie d\u0142onie, stopy sp\u0142uka\u0107, dok\u0142adnie osuszy\u0107 i przyst\u0105pi\u0107 do kolejnego etapu zabiegu.<\/p>\n<p><strong>Pojemno\u015b\u0107:\u00a0<\/strong>400 g<\/p>\n","protected":false},"excerpt":{"rendered":"<p>Rodzaj piel\u0119gnacji: \u00a0Piel\u0119gnacja i regeneracja sk\u00f3ry wra\u017cliwej sk\u0142onnej do podra\u017cnie\u0144 Wskazania: Do k\u0105pieli d\u0142oni i st\u00f3p. Przed zabiegiem manicure, pedicure oraz relaksuj\u0105cych k\u0105pieli ca\u0142ego cia\u0142a. Dla sk\u00f3r potrzebuj\u0105cych regeneracji i nawil\u017cenia.\u00a0Polecane dla diabetyk\u00f3w. Dzia\u0142anie: Skoncentrowane pere\u0142ki zawieraj\u0105 a\u017c 97% mocznika oraz witamin\u0119 E nazywan\u0105 \u201ewitamin\u0105 m\u0142odo\u015bci\u201d zwalczaj\u0105c\u0105 skutecznie dzia\u0142anie wolnych rodnik\u00f3w. Pere\u0142ki doskonale od\u015bwie\u017caj\u0105 i [&hellip;]<\/p>\n","protected":false},"featured_media":0,"comment_status":"open","ping_status":"closed","template":"","meta":{"site-sidebar-layout":"default","site-content-layout":"default","ast-site-content-layout":"default","site-content-style":"default","site-sidebar-style":"default","ast-global-header-display":"","ast-banner-title-visibility":"","ast-main-header-display":"","ast-hfb-above-header-display":"","ast-hfb-below-header-display":"","ast-hfb-mobile-header-display":"","site-post-title":"","ast-breadcrumbs-content":"","ast-featured-img":"","footer-sml-layout":"","ast-disable-related-posts":"","theme-transparent-header-meta":"default","adv-header-id-meta":"","stick-header-meta":"","header-above-stick-meta":"","header-main-stick-meta":"","header-below-stick-meta":"","astra-migrate-meta-layouts":"default","ast-page-background-enabled":"default","ast-page-background-meta":{"desktop":{"background-color":"","background-image":"","background-repeat":"repeat","background-position":"center center","background-size":"auto","background-attachment":"scroll","background-type":"","background-media":"","overlay-type":"","overlay-color":"","overlay-opacity":"","overlay-gradient":""},"tablet":{"background-color":"","background-image":"","background-repeat":"repeat","background-position":"center center","background-size":"auto","background-attachment":"scroll","background-type":"","background-media":"","overlay-type":"","overlay-color":"","overlay-opacity":"","overlay-gradient":""},"mobile":{"background-color":"","background-image":"","background-repeat":"repeat","background-position":"center center","background-size":"auto","background-attachment":"scroll","background-type":"","background-media":"","overlay-type":"","overlay-color":"","overlay-opacity":"","overlay-gradient":""}},"ast-content-background-meta":{"desktop":{"background-color":"var(--ast-global-color-5)","background-image":"","background-repeat":"repeat","background-position":"center center","background-size":"auto","background-attachment":"scroll","background-type":"","background-media":"","overlay-type":"","overlay-color":"","overlay-opacity":"","overlay-gradient":""},"tablet":{"background-color":"var(--ast-global-color-5)","background-image":"","background-repeat":"repeat","background-position":"center center","background-size":"auto","background-attachment":"scroll","background-type":"","background-media":"","overlay-type":"","overlay-color":"","overlay-opacity":"","overlay-gradient":""},"mobile":{"background-color":"var(--ast-global-color-5)","background-image":"","background-repeat":"repeat","background-position":"center center","background-size":"auto","background-attachment":"scroll","background-type":"","background-media":"","overlay-type":"","overlay-color":"","overlay-opacity":"","overlay-gradient":""}},"wds_primary_product_brand":0,"wds_primary_product_cat":0},"product_brand":[],"product_cat":[32],"product_tag":[50,51,52,35,48,46],"class_list":{"0":"post-3556","1":"product","2":"type-product","3":"status-publish","5":"product_cat-dlonieistopy","6":"product_tag-dlonie-i-stopy","7":"product_tag-do-kapieli","8":"product_tag-pielegnacja","9":"product_tag-podopharm","10":"product_tag-regeneracja","11":"product_tag-skora-wrazliwa","12":"desktop-align-left","13":"tablet-align-left","14":"mobile-align-left","16":"first","17":"instock","18":"shipping-taxable","19":"purchasable","20":"product-type-simple"},"_links":{"self":[{"href":"https:\/\/bajecznyspa.pl\/sklep\/wp-json\/wp\/v2\/product\/3556","targetHints":{"allow":["GET"]}}],"collection":[{"href":"https:\/\/bajecznyspa.pl\/sklep\/wp-json\/wp\/v2\/product"}],"about":[{"href":"https:\/\/bajecznyspa.pl\/sklep\/wp-json\/wp\/v2\/types\/product"}],"replies":[{"embeddable":true,"href":"https:\/\/bajecznyspa.pl\/sklep\/wp-json\/wp\/v2\/comments?post=3556"}],"wp:attachment":[{"href":"https:\/\/bajecznyspa.pl\/sklep\/wp-json\/wp\/v2\/media?parent=3556"}],"wp:term":[{"taxonomy":"product_brand","embeddable":true,"href":"https:\/\/bajecznyspa.pl\/sklep\/wp-json\/wp\/v2\/product_brand?post=3556"},{"taxonomy":"product_cat","embeddable":true,"href":"https:\/\/bajecznyspa.pl\/sklep\/wp-json\/wp\/v2\/product_cat?post=3556"},{"taxonomy":"product_tag","embeddable":true,"href":"https:\/\/bajecznyspa.pl\/sklep\/wp-json\/wp\/v2\/product_tag?post=3556"}],"curies":[{"name":"wp","href":"https:\/\/api.w.org\/{rel}","templated":true}]}}