{"id":3558,"date":"2020-11-23T21:02:13","date_gmt":"2020-11-23T20:02:13","guid":{"rendered":"https:\/\/bajecznyspa.pl\/sklep\/?post_type=product&#038;p=3558"},"modified":"2023-02-20T19:34:06","modified_gmt":"2023-02-20T18:34:06","slug":"skinflex-maska-do-dloni-i-stop-z-mikrosrebrem","status":"publish","type":"product","link":"https:\/\/bajecznyspa.pl\/sklep\/produkt\/skinflex-maska-do-dloni-i-stop-z-mikrosrebrem\/","title":{"rendered":"SKINFLEX\u00ae Maska do d\u0142oni i st\u00f3p z mikrosrebrem"},"content":{"rendered":"<p><strong>Rodzaj piel\u0119gnacji: \u00a0<\/strong>Piel\u0119gnacja sk\u00f3ry suchej, pop\u0119kanej i odwodnionej<\/p>\n<p>Wskazania:<br \/>\nPrzeznaczona do zabiegu manicure, pedicure kosmetycznego i medycznego.\u00a0<strong>Polecana dla diabetyk\u00f3w.<\/strong><\/p>\n<p><strong>Dzia\u0142anie:<\/strong><br \/>\nMaska zawiera: olej bawe\u0142niany, wit.E, mas\u0142o shea, lanolin\u0119 daj\u0105c efekt intensywnego nawil\u017cenia i regeneracji nask\u00f3rka. Obecno\u015b\u0107 mikrosrebra oraz panthenolu wykazuj\u0105 w\u0142a\u015bciwo\u015bci \u0142agodz\u0105ce a 10% zawarto\u015b\u0107 mocznika nawil\u017ca i zmi\u0119kcza sk\u00f3r\u0119. Przyjemny zapach daje niezwyk\u0142y komfort podczas stosowania preparatu.<\/p>\n<p><strong>Spos\u00f3b u\u017cycia:<\/strong><br \/>\nGrubsz\u0105 warstw\u0119 maski na\u0142o\u017cy\u0107 na d\u0142onie lub\/i stopy, owin\u0105\u0107 foli\u0105. Pozostawi\u0107 w okluzji na 15-20 minut. Nast\u0119pnie nadmiar usun\u0105\u0107 za pomoc\u0105 kompresu kosmetycznego i zaaplikowa\u0107 odpowiedni preparat na zako\u0144czenie zabiegu. W przypadku aplikacji cienkiej warstwy preparat pozostawi\u0107 do wch\u0142oni\u0119cia nie zmywa\u0107.<\/p>\n<p><strong>Pojemno\u015b\u0107:\u00a0<\/strong>75 ml<\/p>\n","protected":false},"excerpt":{"rendered":"<p>Rodzaj piel\u0119gnacji: \u00a0Piel\u0119gnacja sk\u00f3ry suchej, pop\u0119kanej i odwodnionej Wskazania: Przeznaczona do zabiegu manicure, pedicure kosmetycznego i medycznego.\u00a0Polecana dla diabetyk\u00f3w. Dzia\u0142anie: Maska zawiera: olej bawe\u0142niany, wit.E, mas\u0142o shea, lanolin\u0119 daj\u0105c efekt intensywnego nawil\u017cenia i regeneracji nask\u00f3rka. Obecno\u015b\u0107 mikrosrebra oraz panthenolu wykazuj\u0105 w\u0142a\u015bciwo\u015bci \u0142agodz\u0105ce a 10% zawarto\u015b\u0107 mocznika nawil\u017ca i zmi\u0119kcza sk\u00f3r\u0119. Przyjemny zapach daje niezwyk\u0142y komfort [&hellip;]<\/p>\n","protected":false},"featured_media":0,"comment_status":"open","ping_status":"closed","template":"","meta":{"site-sidebar-layout":"default","site-content-layout":"default","ast-site-content-layout":"default","site-content-style":"default","site-sidebar-style":"default","ast-global-header-display":"","ast-banner-title-visibility":"","ast-main-header-display":"","ast-hfb-above-header-display":"","ast-hfb-below-header-display":"","ast-hfb-mobile-header-display":"","site-post-title":"","ast-breadcrumbs-content":"","ast-featured-img":"","footer-sml-layout":"","ast-disable-related-posts":"","theme-transparent-header-meta":"default","adv-header-id-meta":"","stick-header-meta":"","header-above-stick-meta":"","header-main-stick-meta":"","header-below-stick-meta":"","astra-migrate-meta-layouts":"default","ast-page-background-enabled":"default","ast-page-background-meta":{"desktop":{"background-color":"","background-image":"","background-repeat":"repeat","background-position":"center center","background-size":"auto","background-attachment":"scroll","background-type":"","background-media":"","overlay-type":"","overlay-color":"","overlay-opacity":"","overlay-gradient":""},"tablet":{"background-color":"","background-image":"","background-repeat":"repeat","background-position":"center center","background-size":"auto","background-attachment":"scroll","background-type":"","background-media":"","overlay-type":"","overlay-color":"","overlay-opacity":"","overlay-gradient":""},"mobile":{"background-color":"","background-image":"","background-repeat":"repeat","background-position":"center center","background-size":"auto","background-attachment":"scroll","background-type":"","background-media":"","overlay-type":"","overlay-color":"","overlay-opacity":"","overlay-gradient":""}},"ast-content-background-meta":{"desktop":{"background-color":"var(--ast-global-color-5)","background-image":"","background-repeat":"repeat","background-position":"center center","background-size":"auto","background-attachment":"scroll","background-type":"","background-media":"","overlay-type":"","overlay-color":"","overlay-opacity":"","overlay-gradient":""},"tablet":{"background-color":"var(--ast-global-color-5)","background-image":"","background-repeat":"repeat","background-position":"center center","background-size":"auto","background-attachment":"scroll","background-type":"","background-media":"","overlay-type":"","overlay-color":"","overlay-opacity":"","overlay-gradient":""},"mobile":{"background-color":"var(--ast-global-color-5)","background-image":"","background-repeat":"repeat","background-position":"center center","background-size":"auto","background-attachment":"scroll","background-type":"","background-media":"","overlay-type":"","overlay-color":"","overlay-opacity":"","overlay-gradient":""}},"wds_primary_product_brand":0,"wds_primary_product_cat":0},"product_brand":[],"product_cat":[32],"product_tag":[50,53,52,35,41,25],"class_list":{"0":"post-3558","1":"product","2":"type-product","3":"status-publish","5":"product_cat-dlonieistopy","6":"product_tag-dlonie-i-stopy","7":"product_tag-maska","8":"product_tag-pielegnacja","9":"product_tag-podopharm","10":"product_tag-skora-popekana","11":"product_tag-skora-sucha","12":"desktop-align-left","13":"tablet-align-left","14":"mobile-align-left","16":"first","17":"instock","18":"shipping-taxable","19":"purchasable","20":"product-type-simple"},"_links":{"self":[{"href":"https:\/\/bajecznyspa.pl\/sklep\/wp-json\/wp\/v2\/product\/3558","targetHints":{"allow":["GET"]}}],"collection":[{"href":"https:\/\/bajecznyspa.pl\/sklep\/wp-json\/wp\/v2\/product"}],"about":[{"href":"https:\/\/bajecznyspa.pl\/sklep\/wp-json\/wp\/v2\/types\/product"}],"replies":[{"embeddable":true,"href":"https:\/\/bajecznyspa.pl\/sklep\/wp-json\/wp\/v2\/comments?post=3558"}],"wp:attachment":[{"href":"https:\/\/bajecznyspa.pl\/sklep\/wp-json\/wp\/v2\/media?parent=3558"}],"wp:term":[{"taxonomy":"product_brand","embeddable":true,"href":"https:\/\/bajecznyspa.pl\/sklep\/wp-json\/wp\/v2\/product_brand?post=3558"},{"taxonomy":"product_cat","embeddable":true,"href":"https:\/\/bajecznyspa.pl\/sklep\/wp-json\/wp\/v2\/product_cat?post=3558"},{"taxonomy":"product_tag","embeddable":true,"href":"https:\/\/bajecznyspa.pl\/sklep\/wp-json\/wp\/v2\/product_tag?post=3558"}],"curies":[{"name":"wp","href":"https:\/\/api.w.org\/{rel}","templated":true}]}}