{"id":3560,"date":"2020-11-23T21:10:37","date_gmt":"2020-11-23T20:10:37","guid":{"rendered":"https:\/\/bajecznyspa.pl\/sklep\/?post_type=product&#038;p=3560"},"modified":"2023-02-20T19:33:24","modified_gmt":"2023-02-20T18:33:24","slug":"skinflex-specjalistyczny-krem-do-suchej-skory","status":"publish","type":"product","link":"https:\/\/bajecznyspa.pl\/sklep\/produkt\/skinflex-specjalistyczny-krem-do-suchej-skory\/","title":{"rendered":"SKINFLEX\u00ae Specjalistyczny krem do suchej sk\u00f3ry"},"content":{"rendered":"<p><strong>Rodzaj piel\u0119gnacji: \u00a0<\/strong>Piel\u0119gnacja sk\u00f3ry suchej, pop\u0119kanej i odwodnionej<\/p>\n<p><strong>Wskazania<\/strong><br \/>\nSpecjalistyczny preparat przeznaczony do piel\u0119gnacji d\u0142oni, st\u00f3p i cia\u0142a. Zawiera bogat\u0105 receptur\u0119, kt\u00f3rej kluczowym sk\u0142adnikiem jest chlorowodorek oktenidyny w 1% st\u0119\u017ceniu. Polecany do sk\u00f3ry bardzo suchej, sk\u0142onnej do podra\u017cnie\u0144 oraz alergicznej. Krem jest doskonale tolerowany przez najbardziej wra\u017cliw\u0105 sk\u00f3r\u0119.\u00a0<strong>Polecany dla diabetyk\u00f3w.<\/strong><\/p>\n<p><strong>Dzia\u0142anie:<\/strong><\/p>\n<ul>\n<li>intensywne i d\u0142ugotrwa\u0142e nawil\u017cenie,<\/li>\n<li>regeneracja podra\u017cnie\u0144 i p\u0119kni\u0119\u0107 na sk\u00f3rze<\/li>\n<li>zmniejszenie sk\u0142onno\u015bci do nadmiernego z\u0142uszczania,<\/li>\n<li>eliminacja sw\u0119dzenia, pieczenia, uczucia napi\u0119cia i \u015bci\u0105gni\u0119cia sk\u00f3ry,<\/li>\n<li>wzmocnienie warstwy ochronnej, odbudowa p\u0142aszcza hydrolipidowego.<\/li>\n<\/ul>\n<p><strong>Spos\u00f3b u\u017cycia<\/strong><br \/>\nKrem delikatnie wmasowa\u0107 na czyst\u0105 i osuszon\u0105 sk\u00f3r\u0119 d\u0142oni, st\u00f3p i cia\u0142a. Stosowa\u0107 rano i wieczorem przez okres od 4 do 6 tygodni. W razie potrzeby zastosowa\u0107 ponownie po przerwie 3-4 tygodni. W celu zapewnienia kompleksowej piel\u0119gnacji sk\u00f3ry zaleca si\u0119 stosowanie pozosta\u0142ych preparat\u00f3w z linii SKINFLEX\u00ae.<\/p>\n<p><strong>Sk\u0142adniki aktywne<\/strong><\/p>\n<ul>\n<li>Chlowodorek oktenidyny (1%) posiada szerokie spektrum dzia\u0142ania wobec mikroorganizm\u00f3w wyst\u0119puj\u0105cych na powierzchni sk\u00f3ry, regeneruje uszkodzony nask\u00f3rek odbudowuj\u0105c go oraz \u0142agodzi podra\u017cnienia zwi\u0105zane z otarciami i p\u0119kaniem sk\u00f3ry<\/li>\n<li>Mocznik (8%) intensywnie nawil\u017ca, przyci\u0105gaj\u0105c cz\u0105steczki wody i zatrzymuj\u0105c je w sk\u00f3rze. Zmi\u0119kcza suchy i zrogowacia\u0142y nask\u00f3rek zwi\u0119kszaj\u0105c przenikanie innych sk\u0142adnik\u00f3w aktywnych z preparatu.<\/li>\n<li>D-pantenol dzia\u0142a \u0142agodz\u0105co i koj\u0105co na podra\u017cnion\u0105 sk\u00f3r\u0119 oraz skutecznie j\u0105 nawil\u017ca nadaj\u0105c jej mi\u0119kko\u015b\u0107 i elastyczno\u015b\u0107<\/li>\n<li>Olej z pestek winogron jest najbogatszym \u017ar\u00f3d\u0142em kwasu linolowego i witaminy E, intensywnie i d\u0142ugotrwale nawil\u017ca nie pozostawiaj\u0105c na powierzchni nask\u00f3rka t\u0142ustego filmu, dodatkowo posiada w\u0142a\u015bciwo\u015bci \u0142agodz\u0105ce i regeneruj\u0105ce podra\u017cnienia<\/li>\n<li>Ekstrakt z zielonej herbaty posiada silne w\u0142a\u015bciwo\u015bci antyoksydacyjne, spowalnia rozpad w\u0142\u00f3kien kolagenowych oraz chroni sk\u00f3r\u0119 przed niekorzystym dzia\u0142aniem promieniowania UV. Wydatnie spowalnia procesy starzenia i fotostarzenia.<\/li>\n<\/ul>\n<p><strong>Pojemno\u015b\u0107: <\/strong>150 ml<\/p>\n","protected":false},"excerpt":{"rendered":"<p>Rodzaj piel\u0119gnacji: \u00a0Piel\u0119gnacja sk\u00f3ry suchej, pop\u0119kanej i odwodnionej Wskazania Specjalistyczny preparat przeznaczony do piel\u0119gnacji d\u0142oni, st\u00f3p i cia\u0142a. Zawiera bogat\u0105 receptur\u0119, kt\u00f3rej kluczowym sk\u0142adnikiem jest chlorowodorek oktenidyny w 1% st\u0119\u017ceniu. Polecany do sk\u00f3ry bardzo suchej, sk\u0142onnej do podra\u017cnie\u0144 oraz alergicznej. Krem jest doskonale tolerowany przez najbardziej wra\u017cliw\u0105 sk\u00f3r\u0119.\u00a0Polecany dla diabetyk\u00f3w. Dzia\u0142anie: intensywne i d\u0142ugotrwa\u0142e nawil\u017cenie, [&hellip;]<\/p>\n","protected":false},"featured_media":0,"comment_status":"open","ping_status":"closed","template":"","meta":{"site-sidebar-layout":"default","site-content-layout":"default","ast-site-content-layout":"default","site-content-style":"default","site-sidebar-style":"default","ast-global-header-display":"","ast-banner-title-visibility":"","ast-main-header-display":"","ast-hfb-above-header-display":"","ast-hfb-below-header-display":"","ast-hfb-mobile-header-display":"","site-post-title":"","ast-breadcrumbs-content":"","ast-featured-img":"","footer-sml-layout":"","ast-disable-related-posts":"","theme-transparent-header-meta":"default","adv-header-id-meta":"","stick-header-meta":"","header-above-stick-meta":"","header-main-stick-meta":"","header-below-stick-meta":"","astra-migrate-meta-layouts":"default","ast-page-background-enabled":"default","ast-page-background-meta":{"desktop":{"background-color":"","background-image":"","background-repeat":"repeat","background-position":"center center","background-size":"auto","background-attachment":"scroll","background-type":"","background-media":"","overlay-type":"","overlay-color":"","overlay-opacity":"","overlay-gradient":""},"tablet":{"background-color":"","background-image":"","background-repeat":"repeat","background-position":"center center","background-size":"auto","background-attachment":"scroll","background-type":"","background-media":"","overlay-type":"","overlay-color":"","overlay-opacity":"","overlay-gradient":""},"mobile":{"background-color":"","background-image":"","background-repeat":"repeat","background-position":"center center","background-size":"auto","background-attachment":"scroll","background-type":"","background-media":"","overlay-type":"","overlay-color":"","overlay-opacity":"","overlay-gradient":""}},"ast-content-background-meta":{"desktop":{"background-color":"var(--ast-global-color-5)","background-image":"","background-repeat":"repeat","background-position":"center center","background-size":"auto","background-attachment":"scroll","background-type":"","background-media":"","overlay-type":"","overlay-color":"","overlay-opacity":"","overlay-gradient":""},"tablet":{"background-color":"var(--ast-global-color-5)","background-image":"","background-repeat":"repeat","background-position":"center center","background-size":"auto","background-attachment":"scroll","background-type":"","background-media":"","overlay-type":"","overlay-color":"","overlay-opacity":"","overlay-gradient":""},"mobile":{"background-color":"var(--ast-global-color-5)","background-image":"","background-repeat":"repeat","background-position":"center center","background-size":"auto","background-attachment":"scroll","background-type":"","background-media":"","overlay-type":"","overlay-color":"","overlay-opacity":"","overlay-gradient":""}},"wds_primary_product_brand":0,"wds_primary_product_cat":0},"product_brand":[],"product_cat":[32],"product_tag":[54,50,39,35,55,25],"class_list":{"0":"post-3560","1":"product","2":"type-product","3":"status-publish","5":"product_cat-dlonieistopy","6":"product_tag-cialo","7":"product_tag-dlonie-i-stopy","8":"product_tag-krem","9":"product_tag-podopharm","10":"product_tag-skora-alergiczna","11":"product_tag-skora-sucha","12":"desktop-align-left","13":"tablet-align-left","14":"mobile-align-left","16":"first","17":"instock","18":"shipping-taxable","19":"purchasable","20":"product-type-simple"},"_links":{"self":[{"href":"https:\/\/bajecznyspa.pl\/sklep\/wp-json\/wp\/v2\/product\/3560","targetHints":{"allow":["GET"]}}],"collection":[{"href":"https:\/\/bajecznyspa.pl\/sklep\/wp-json\/wp\/v2\/product"}],"about":[{"href":"https:\/\/bajecznyspa.pl\/sklep\/wp-json\/wp\/v2\/types\/product"}],"replies":[{"embeddable":true,"href":"https:\/\/bajecznyspa.pl\/sklep\/wp-json\/wp\/v2\/comments?post=3560"}],"wp:attachment":[{"href":"https:\/\/bajecznyspa.pl\/sklep\/wp-json\/wp\/v2\/media?parent=3560"}],"wp:term":[{"taxonomy":"product_brand","embeddable":true,"href":"https:\/\/bajecznyspa.pl\/sklep\/wp-json\/wp\/v2\/product_brand?post=3560"},{"taxonomy":"product_cat","embeddable":true,"href":"https:\/\/bajecznyspa.pl\/sklep\/wp-json\/wp\/v2\/product_cat?post=3560"},{"taxonomy":"product_tag","embeddable":true,"href":"https:\/\/bajecznyspa.pl\/sklep\/wp-json\/wp\/v2\/product_tag?post=3560"}],"curies":[{"name":"wp","href":"https:\/\/api.w.org\/{rel}","templated":true}]}}