{"id":3562,"date":"2020-11-23T21:21:57","date_gmt":"2020-11-23T20:21:57","guid":{"rendered":"https:\/\/bajecznyspa.pl\/sklep\/?post_type=product&#038;p=3562"},"modified":"2023-02-20T19:28:14","modified_gmt":"2023-02-20T18:28:14","slug":"podoflex-przeciwgrzybiczy-spray-do-stop","status":"publish","type":"product","link":"https:\/\/bajecznyspa.pl\/sklep\/produkt\/podoflex-przeciwgrzybiczy-spray-do-stop\/","title":{"rendered":"PODOFLEX\u00ae Przeciwgrzybiczy spray do st\u00f3p"},"content":{"rendered":"<p><strong>Rodzaj piel\u0119gnacji:\u00a0<\/strong>Od\u015bwie\u017cenie, nadpotliwo\u015b\u0107 oraz dzia\u0142anie przeciwgrzybiczne<\/p>\n<p><strong>Wskazania:<\/strong><br \/>\nDo codziennej piel\u0119gnacji st\u00f3p jako profilaktyka przeciwgrzybicza. Idealny r\u00f3wnie\u017c dla os\u00f3b uprawiaj\u0105cych sporty i korzystaj\u0105cych z basen\u00f3w.\u00a0<strong>Polecany dla diabetyk\u00f3w.<\/strong><\/p>\n<p><strong>Dzia\u0142anie:<\/strong><br \/>\nSpray zawiera innowacyjny opatentowany sk\u0142adnik w wysokim 2% st\u0119\u017ceniu Dermosoft\u00ae Decalact liquid, kt\u00f3ry dzia\u0142a antybakteryjnie i chroni stopy przed infekcjami grzybiczymi. Posiada szerokie spectrum dzia\u0142ania w tym na pocenie si\u0119 st\u00f3p. Zawarte w preparacie ekstrakty z kasztanowca, nostrzyka bia\u0142ego, hamamelisu i ruszczyka zmniejszaj\u0105 uczucie ci\u0119\u017ckich st\u00f3p. Naturalne aromatyczne olejki cytrynowy i lawendowy dzia\u0142aj\u0105 relaksuj\u0105co oraz niweluj\u0105 nieprzyjemny zapach. Rozja\u015bniaj\u0105 p\u0142ytk\u0119 paznokciow\u0105. Mentol daje uczucie ch\u0142odzenia.<\/p>\n<p><strong>Spos\u00f3b u\u017cycia:<\/strong><br \/>\nStopy i paznokcie spryska\u0107 z odleg\u0142o\u015bci oko\u0142o 10cm. Mo\u017cna zastosowa\u0107 na rajstopy z lycr\u0105. Stosowa\u0107 1-2 razy dziennie lub w razie potrzeby. Doskona\u0142y na zako\u0144czenie zabiegu pedicure.<\/p>\n<p><strong>Pojemno\u015b\u0107:<\/strong>\u00a0100 ml<\/p>\n","protected":false},"excerpt":{"rendered":"<p>Rodzaj piel\u0119gnacji:\u00a0Od\u015bwie\u017cenie, nadpotliwo\u015b\u0107 oraz dzia\u0142anie przeciwgrzybiczne Wskazania: Do codziennej piel\u0119gnacji st\u00f3p jako profilaktyka przeciwgrzybicza. Idealny r\u00f3wnie\u017c dla os\u00f3b uprawiaj\u0105cych sporty i korzystaj\u0105cych z basen\u00f3w.\u00a0Polecany dla diabetyk\u00f3w. Dzia\u0142anie: Spray zawiera innowacyjny opatentowany sk\u0142adnik w wysokim 2% st\u0119\u017ceniu Dermosoft\u00ae Decalact liquid, kt\u00f3ry dzia\u0142a antybakteryjnie i chroni stopy przed infekcjami grzybiczymi. Posiada szerokie spectrum dzia\u0142ania w tym na [&hellip;]<\/p>\n","protected":false},"featured_media":0,"comment_status":"open","ping_status":"closed","template":"","meta":{"site-sidebar-layout":"default","site-content-layout":"default","ast-site-content-layout":"default","site-content-style":"default","site-sidebar-style":"default","ast-global-header-display":"","ast-banner-title-visibility":"","ast-main-header-display":"","ast-hfb-above-header-display":"","ast-hfb-below-header-display":"","ast-hfb-mobile-header-display":"","site-post-title":"","ast-breadcrumbs-content":"","ast-featured-img":"","footer-sml-layout":"","ast-disable-related-posts":"","theme-transparent-header-meta":"default","adv-header-id-meta":"","stick-header-meta":"","header-above-stick-meta":"","header-main-stick-meta":"","header-below-stick-meta":"","astra-migrate-meta-layouts":"default","ast-page-background-enabled":"default","ast-page-background-meta":{"desktop":{"background-color":"","background-image":"","background-repeat":"repeat","background-position":"center center","background-size":"auto","background-attachment":"scroll","background-type":"","background-media":"","overlay-type":"","overlay-color":"","overlay-opacity":"","overlay-gradient":""},"tablet":{"background-color":"","background-image":"","background-repeat":"repeat","background-position":"center center","background-size":"auto","background-attachment":"scroll","background-type":"","background-media":"","overlay-type":"","overlay-color":"","overlay-opacity":"","overlay-gradient":""},"mobile":{"background-color":"","background-image":"","background-repeat":"repeat","background-position":"center center","background-size":"auto","background-attachment":"scroll","background-type":"","background-media":"","overlay-type":"","overlay-color":"","overlay-opacity":"","overlay-gradient":""}},"ast-content-background-meta":{"desktop":{"background-color":"var(--ast-global-color-5)","background-image":"","background-repeat":"repeat","background-position":"center center","background-size":"auto","background-attachment":"scroll","background-type":"","background-media":"","overlay-type":"","overlay-color":"","overlay-opacity":"","overlay-gradient":""},"tablet":{"background-color":"var(--ast-global-color-5)","background-image":"","background-repeat":"repeat","background-position":"center center","background-size":"auto","background-attachment":"scroll","background-type":"","background-media":"","overlay-type":"","overlay-color":"","overlay-opacity":"","overlay-gradient":""},"mobile":{"background-color":"var(--ast-global-color-5)","background-image":"","background-repeat":"repeat","background-position":"center center","background-size":"auto","background-attachment":"scroll","background-type":"","background-media":"","overlay-type":"","overlay-color":"","overlay-opacity":"","overlay-gradient":""}},"wds_primary_product_brand":0,"wds_primary_product_cat":0},"product_brand":[],"product_cat":[32],"product_tag":[45,37,36,35,56,34],"class_list":{"0":"post-3562","1":"product","2":"type-product","3":"status-publish","5":"product_cat-dlonieistopy","6":"product_tag-dzialanie-przeciwgrzybicze","7":"product_tag-nadpotliwosc","8":"product_tag-odswiezenie","9":"product_tag-podopharm","10":"product_tag-spray","11":"product_tag-stopy","12":"desktop-align-left","13":"tablet-align-left","14":"mobile-align-left","16":"first","17":"instock","18":"shipping-taxable","19":"purchasable","20":"product-type-simple"},"_links":{"self":[{"href":"https:\/\/bajecznyspa.pl\/sklep\/wp-json\/wp\/v2\/product\/3562","targetHints":{"allow":["GET"]}}],"collection":[{"href":"https:\/\/bajecznyspa.pl\/sklep\/wp-json\/wp\/v2\/product"}],"about":[{"href":"https:\/\/bajecznyspa.pl\/sklep\/wp-json\/wp\/v2\/types\/product"}],"replies":[{"embeddable":true,"href":"https:\/\/bajecznyspa.pl\/sklep\/wp-json\/wp\/v2\/comments?post=3562"}],"wp:attachment":[{"href":"https:\/\/bajecznyspa.pl\/sklep\/wp-json\/wp\/v2\/media?parent=3562"}],"wp:term":[{"taxonomy":"product_brand","embeddable":true,"href":"https:\/\/bajecznyspa.pl\/sklep\/wp-json\/wp\/v2\/product_brand?post=3562"},{"taxonomy":"product_cat","embeddable":true,"href":"https:\/\/bajecznyspa.pl\/sklep\/wp-json\/wp\/v2\/product_cat?post=3562"},{"taxonomy":"product_tag","embeddable":true,"href":"https:\/\/bajecznyspa.pl\/sklep\/wp-json\/wp\/v2\/product_tag?post=3562"}],"curies":[{"name":"wp","href":"https:\/\/api.w.org\/{rel}","templated":true}]}}