{"id":3564,"date":"2020-11-23T22:13:31","date_gmt":"2020-11-23T21:13:31","guid":{"rendered":"https:\/\/bajecznyspa.pl\/sklep\/?post_type=product&#038;p=3564"},"modified":"2020-11-23T22:13:31","modified_gmt":"2020-11-23T21:13:31","slug":"podoflex-masc-regenerujaco-kojaca","status":"publish","type":"product","link":"https:\/\/bajecznyspa.pl\/sklep\/produkt\/podoflex-masc-regenerujaco-kojaca\/","title":{"rendered":"PODOFLEX\u00ae Ma\u015b\u0107 regeneruj\u0105co-koj\u0105ca"},"content":{"rendered":"<p><strong>Rodzaj piel\u0119gnacji: \u00a0<\/strong>Piel\u0119gnacja i regeneracja sk\u00f3ry wra\u017cliwej sk\u0142onnej do podra\u017cnie\u0144<strong><\/p>\n<p>Wskazania<\/strong><br \/>\nDo intensywnej piel\u0119gnacji suchej, szorstkiej sk\u00f3ry na stopach, \u0142okciach i kolanach. Ma\u015b\u0107 zalecana jest r\u00f3wnie\u017c do piel\u0119gnacji ust, szczeg\u00f3lnie przy stosowaniu kuracji przeciwtr\u0105dzikowej \u2013 z izotretynoin\u0105.<br \/>\n<strong>Polecana dla diabetyk\u00f3w oraz kobiet w ci\u0105\u017cy.<\/strong><\/p>\n<p><strong>Dzia\u0142anie<\/strong><br \/>\nBogata receptura ma\u015bci jest oparta na naturalnych t\u0142uszczach z colostrum, wosku pszczelego, mas\u0142a shea, oleju awokado i oleju rokitnikowego.<br \/>\nDzi\u0119ki tym wyselekcjonowanym sk\u0142adnikom uzyskujemy efekt intensywnej regeneracji i ukojenia, skutecznie pozbywaj\u0105c si\u0119 sucho\u015bci nask\u00f3rka. Obecna w preparacie hypoalergiczna lanolina pozwala odbudowa\u0107 barier\u0119 hydrolipidow\u0105. Beta glucan, ekstrakt z \u017cywor\u00f3dki oraz witamina E nadaj\u0105 sk\u00f3rze utracon\u0105 elastyczno\u015b\u0107 i wspomagaj\u0105 jej procesy naprawcze. Przyjemny zapach zawdzi\u0119czamy wy\u0142\u0105cznie naturalnemu olejkowi mi\u0119towemu.<\/p>\n<p><strong>Spos\u00f3b u\u017cycia<\/strong><br \/>\nMa\u015b\u0107 zaaplikowa\u0107 na miejsca problematyczne. Stosowa\u0107 regularnie 2 razy dziennie a\u017c do momentu uzyskania po\u017c\u0105danego efektu.<\/p>\n<p><strong>Pojemno\u015b\u0107:<\/strong> 60 ml<\/p>\n","protected":false},"excerpt":{"rendered":"<p>Rodzaj piel\u0119gnacji: \u00a0Piel\u0119gnacja i regeneracja sk\u00f3ry wra\u017cliwej sk\u0142onnej do podra\u017cnie\u0144 Wskazania Do intensywnej piel\u0119gnacji suchej, szorstkiej sk\u00f3ry na stopach, \u0142okciach i kolanach. Ma\u015b\u0107 zalecana jest r\u00f3wnie\u017c do piel\u0119gnacji ust, szczeg\u00f3lnie przy stosowaniu kuracji przeciwtr\u0105dzikowej \u2013 z izotretynoin\u0105. Polecana dla diabetyk\u00f3w oraz kobiet w ci\u0105\u017cy. Dzia\u0142anie Bogata receptura ma\u015bci jest oparta na naturalnych t\u0142uszczach z colostrum, [&hellip;]<\/p>\n","protected":false},"featured_media":0,"comment_status":"open","ping_status":"closed","template":"","meta":{"site-sidebar-layout":"default","site-content-layout":"default","ast-site-content-layout":"default","site-content-style":"default","site-sidebar-style":"default","ast-global-header-display":"","ast-banner-title-visibility":"","ast-main-header-display":"","ast-hfb-above-header-display":"","ast-hfb-below-header-display":"","ast-hfb-mobile-header-display":"","site-post-title":"","ast-breadcrumbs-content":"","ast-featured-img":"","footer-sml-layout":"","ast-disable-related-posts":"","theme-transparent-header-meta":"default","adv-header-id-meta":"","stick-header-meta":"","header-above-stick-meta":"","header-main-stick-meta":"","header-below-stick-meta":"","astra-migrate-meta-layouts":"default","ast-page-background-enabled":"default","ast-page-background-meta":{"desktop":{"background-color":"","background-image":"","background-repeat":"repeat","background-position":"center center","background-size":"auto","background-attachment":"scroll","background-type":"","background-media":"","overlay-type":"","overlay-color":"","overlay-opacity":"","overlay-gradient":""},"tablet":{"background-color":"","background-image":"","background-repeat":"repeat","background-position":"center center","background-size":"auto","background-attachment":"scroll","background-type":"","background-media":"","overlay-type":"","overlay-color":"","overlay-opacity":"","overlay-gradient":""},"mobile":{"background-color":"","background-image":"","background-repeat":"repeat","background-position":"center center","background-size":"auto","background-attachment":"scroll","background-type":"","background-media":"","overlay-type":"","overlay-color":"","overlay-opacity":"","overlay-gradient":""}},"ast-content-background-meta":{"desktop":{"background-color":"var(--ast-global-color-5)","background-image":"","background-repeat":"repeat","background-position":"center center","background-size":"auto","background-attachment":"scroll","background-type":"","background-media":"","overlay-type":"","overlay-color":"","overlay-opacity":"","overlay-gradient":""},"tablet":{"background-color":"var(--ast-global-color-5)","background-image":"","background-repeat":"repeat","background-position":"center center","background-size":"auto","background-attachment":"scroll","background-type":"","background-media":"","overlay-type":"","overlay-color":"","overlay-opacity":"","overlay-gradient":""},"mobile":{"background-color":"var(--ast-global-color-5)","background-image":"","background-repeat":"repeat","background-position":"center center","background-size":"auto","background-attachment":"scroll","background-type":"","background-media":"","overlay-type":"","overlay-color":"","overlay-opacity":"","overlay-gradient":""}},"wds_primary_product_brand":0,"wds_primary_product_cat":0},"product_brand":[],"product_cat":[32],"product_tag":[59,58,40,35,48,57,34],"class_list":{"0":"post-3564","1":"product","2":"type-product","3":"status-publish","5":"product_cat-dlonieistopy","6":"product_tag-kolana","7":"product_tag-lokcie","8":"product_tag-masc","9":"product_tag-podopharm","10":"product_tag-regeneracja","11":"product_tag-skora-sucha-i-szorstka","12":"product_tag-stopy","13":"desktop-align-left","14":"tablet-align-left","15":"mobile-align-left","17":"first","18":"instock","19":"shipping-taxable","20":"purchasable","21":"product-type-simple"},"_links":{"self":[{"href":"https:\/\/bajecznyspa.pl\/sklep\/wp-json\/wp\/v2\/product\/3564","targetHints":{"allow":["GET"]}}],"collection":[{"href":"https:\/\/bajecznyspa.pl\/sklep\/wp-json\/wp\/v2\/product"}],"about":[{"href":"https:\/\/bajecznyspa.pl\/sklep\/wp-json\/wp\/v2\/types\/product"}],"replies":[{"embeddable":true,"href":"https:\/\/bajecznyspa.pl\/sklep\/wp-json\/wp\/v2\/comments?post=3564"}],"wp:attachment":[{"href":"https:\/\/bajecznyspa.pl\/sklep\/wp-json\/wp\/v2\/media?parent=3564"}],"wp:term":[{"taxonomy":"product_brand","embeddable":true,"href":"https:\/\/bajecznyspa.pl\/sklep\/wp-json\/wp\/v2\/product_brand?post=3564"},{"taxonomy":"product_cat","embeddable":true,"href":"https:\/\/bajecznyspa.pl\/sklep\/wp-json\/wp\/v2\/product_cat?post=3564"},{"taxonomy":"product_tag","embeddable":true,"href":"https:\/\/bajecznyspa.pl\/sklep\/wp-json\/wp\/v2\/product_tag?post=3564"}],"curies":[{"name":"wp","href":"https:\/\/api.w.org\/{rel}","templated":true}]}}