{"id":3568,"date":"2020-11-23T22:36:46","date_gmt":"2020-11-23T21:36:46","guid":{"rendered":"https:\/\/bajecznyspa.pl\/sklep\/?post_type=product&#038;p=3568"},"modified":"2024-07-08T19:41:51","modified_gmt":"2024-07-08T17:41:51","slug":"onygen-krem","status":"publish","type":"product","link":"https:\/\/bajecznyspa.pl\/sklep\/produkt\/onygen-krem\/","title":{"rendered":"ONYGEN\u00ae Krem"},"content":{"rendered":"<p><strong>Rodzaj piel\u0119gnacji: <\/strong>\u00a0Preparaty do terapii we wsp\u00f3\u0142pracy z podologiem<\/p>\n<p><strong><br \/>\nWskazania: <\/strong><\/p>\n<p>Onycholiza, regeneracja \u0142o\u017cyska os\u0142abionych paznokci d\u0142oni i st\u00f3p.\u00a0<strong>Polecany dla diabetyk\u00f3w.<\/strong><\/p>\n<p><strong>Dzia\u0142anie:<\/strong><br \/>\nInnowacyjna receptura kremu chroniona prawem patentowym zawiera colostrum bovinum z 40% t\u0142uszczem, czyli siar\u0119 bydl\u0119c\u0105 bogat\u0105 w ponad 250 zwi\u0105zk\u00f3w w wysokim st\u0119\u017ceniu &#8211; niespotykanym w \u017cadnym innym produkcie pochodzenia naturalnego. Najwi\u0119ksz\u0105 warto\u015b\u0107 w colostrum stanowi\u0105 bia\u0142ka takie jak: immunoglobuliny, laktoferyna, lizozym, laktoperoksydaza. Substancje te wykazuj\u0105 silne w\u0142a\u015bciwo\u015bci antybakteryjne, przeciwwirusowe i przeciwgrzybicze. Ponadto w siarze bydl\u0119cej mo\u017cna znale\u017a\u0107 t\u0142uszcze, w\u0119glowodany, czynniki wzrostu i pochodne kwas\u00f3w nukleinowych. Colostrum t\u0142uszczowe odznacza si\u0119 tak\u017ce wysok\u0105 zawarto\u015bci\u0105 witamin z grupy B oraz A, D i E oraz \u0142atwo przyswajalnego wapnia. Formu\u0142a preparatu jest oparta na emulsjach ciek\u0142okrystalicznych, dzi\u0119ki czemu przenikanie sk\u0142adnik\u00f3w aktywnych jest skuteczniejsze ze wzgl\u0119du na ich lamelarn\u0105 struktur\u0119. Krem zawiera skwalan oraz cenne oleje: rokitnikowy i awokado znane ze swoich dobroczynnych w\u0142a\u015bciwo\u015bci.<\/p>\n<p><strong>Spos\u00f3b u\u017cycia:<\/strong><br \/>\nPreparat nanie\u015b\u0107 na miejsca problematyczne. Wmasowywa\u0107 2 razy dziennie. Raz w tygodniu zastosowa\u0107 na noc pod okluzj\u0119.<\/p>\n<p><strong>Pojemno\u015b\u0107:\u00a0<\/strong>20ml<\/p>\n","protected":false},"excerpt":{"rendered":"<p>Rodzaj piel\u0119gnacji: \u00a0Preparaty do terapii we wsp\u00f3\u0142pracy z podologiem Wskazania: Onycholiza, regeneracja \u0142o\u017cyska os\u0142abionych paznokci d\u0142oni i st\u00f3p.\u00a0Polecany dla diabetyk\u00f3w. Dzia\u0142anie: Innowacyjna receptura kremu chroniona prawem patentowym zawiera colostrum bovinum z 40% t\u0142uszczem, czyli siar\u0119 bydl\u0119c\u0105 bogat\u0105 w ponad 250 zwi\u0105zk\u00f3w w wysokim st\u0119\u017ceniu &#8211; niespotykanym w \u017cadnym innym produkcie pochodzenia naturalnego. Najwi\u0119ksz\u0105 warto\u015b\u0107 w [&hellip;]<\/p>\n","protected":false},"featured_media":0,"comment_status":"open","ping_status":"closed","template":"","meta":{"site-sidebar-layout":"default","site-content-layout":"default","ast-site-content-layout":"default","site-content-style":"default","site-sidebar-style":"default","ast-global-header-display":"","ast-banner-title-visibility":"","ast-main-header-display":"","ast-hfb-above-header-display":"","ast-hfb-below-header-display":"","ast-hfb-mobile-header-display":"","site-post-title":"","ast-breadcrumbs-content":"","ast-featured-img":"","footer-sml-layout":"","ast-disable-related-posts":"","theme-transparent-header-meta":"default","adv-header-id-meta":"","stick-header-meta":"","header-above-stick-meta":"","header-main-stick-meta":"","header-below-stick-meta":"","astra-migrate-meta-layouts":"default","ast-page-background-enabled":"default","ast-page-background-meta":{"desktop":{"background-color":"","background-image":"","background-repeat":"repeat","background-position":"center center","background-size":"auto","background-attachment":"scroll","background-type":"","background-media":"","overlay-type":"","overlay-color":"","overlay-opacity":"","overlay-gradient":""},"tablet":{"background-color":"","background-image":"","background-repeat":"repeat","background-position":"center center","background-size":"auto","background-attachment":"scroll","background-type":"","background-media":"","overlay-type":"","overlay-color":"","overlay-opacity":"","overlay-gradient":""},"mobile":{"background-color":"","background-image":"","background-repeat":"repeat","background-position":"center center","background-size":"auto","background-attachment":"scroll","background-type":"","background-media":"","overlay-type":"","overlay-color":"","overlay-opacity":"","overlay-gradient":""}},"ast-content-background-meta":{"desktop":{"background-color":"var(--ast-global-color-5)","background-image":"","background-repeat":"repeat","background-position":"center center","background-size":"auto","background-attachment":"scroll","background-type":"","background-media":"","overlay-type":"","overlay-color":"","overlay-opacity":"","overlay-gradient":""},"tablet":{"background-color":"var(--ast-global-color-5)","background-image":"","background-repeat":"repeat","background-position":"center center","background-size":"auto","background-attachment":"scroll","background-type":"","background-media":"","overlay-type":"","overlay-color":"","overlay-opacity":"","overlay-gradient":""},"mobile":{"background-color":"var(--ast-global-color-5)","background-image":"","background-repeat":"repeat","background-position":"center center","background-size":"auto","background-attachment":"scroll","background-type":"","background-media":"","overlay-type":"","overlay-color":"","overlay-opacity":"","overlay-gradient":""}},"wds_primary_product_brand":0,"wds_primary_product_cat":0},"product_brand":[],"product_cat":[32],"product_tag":[47,39,61,35,48],"class_list":{"0":"post-3568","1":"product","2":"type-product","3":"status-publish","5":"product_cat-dlonieistopy","6":"product_tag-colostrum","7":"product_tag-krem","8":"product_tag-paznokcie","9":"product_tag-podopharm","10":"product_tag-regeneracja","11":"desktop-align-left","12":"tablet-align-left","13":"mobile-align-left","15":"first","16":"instock","17":"shipping-taxable","18":"purchasable","19":"product-type-simple"},"_links":{"self":[{"href":"https:\/\/bajecznyspa.pl\/sklep\/wp-json\/wp\/v2\/product\/3568","targetHints":{"allow":["GET"]}}],"collection":[{"href":"https:\/\/bajecznyspa.pl\/sklep\/wp-json\/wp\/v2\/product"}],"about":[{"href":"https:\/\/bajecznyspa.pl\/sklep\/wp-json\/wp\/v2\/types\/product"}],"replies":[{"embeddable":true,"href":"https:\/\/bajecznyspa.pl\/sklep\/wp-json\/wp\/v2\/comments?post=3568"}],"wp:attachment":[{"href":"https:\/\/bajecznyspa.pl\/sklep\/wp-json\/wp\/v2\/media?parent=3568"}],"wp:term":[{"taxonomy":"product_brand","embeddable":true,"href":"https:\/\/bajecznyspa.pl\/sklep\/wp-json\/wp\/v2\/product_brand?post=3568"},{"taxonomy":"product_cat","embeddable":true,"href":"https:\/\/bajecznyspa.pl\/sklep\/wp-json\/wp\/v2\/product_cat?post=3568"},{"taxonomy":"product_tag","embeddable":true,"href":"https:\/\/bajecznyspa.pl\/sklep\/wp-json\/wp\/v2\/product_tag?post=3568"}],"curies":[{"name":"wp","href":"https:\/\/api.w.org\/{rel}","templated":true}]}}