{"id":3572,"date":"2020-11-23T22:52:54","date_gmt":"2020-11-23T21:52:54","guid":{"rendered":"https:\/\/bajecznyspa.pl\/sklep\/?post_type=product&#038;p=3572"},"modified":"2023-02-20T19:23:49","modified_gmt":"2023-02-20T18:23:49","slug":"skinflex-krem-barierowy-do-twarzy-z-colostrum","status":"publish","type":"product","link":"https:\/\/bajecznyspa.pl\/sklep\/produkt\/skinflex-krem-barierowy-do-twarzy-z-colostrum\/","title":{"rendered":"SKINFLEX\u00ae Krem barierowy do twarzy z colostrum"},"content":{"rendered":"<p><strong>Rodzaj piel\u0119gnacji: \u00a0<\/strong>Piel\u0119gnacja i regeneracja sk\u00f3ry wra\u017cliwej sk\u0142onnej do podra\u017cnie\u0144<strong><br \/>\n<\/strong><\/p>\n<p><strong>Wskazania:<\/strong><br \/>\nDo codziennej piel\u0119gnacji sk\u00f3ry suchej, atopowej. Nara\u017conej na niekorzystne dzia\u0142anie warunk\u00f3w atmosferycznych. Wspomaga procesy naprawcze nask\u00f3rka po zabiegach kosmetycznych.\u00a0<strong>Polecany dla diabetyk\u00f3w oraz kobiet w ci\u0105\u017cy.<\/strong><\/p>\n<p><strong>Dzia\u0142anie:<\/strong><br \/>\nSkoncentrowany preparat oparty na technologii ciek\u0142ych kryszta\u0142\u00f3w oraz innowacyjnym sk\u0142adniku colostrum bovinum z 40% t\u0142uszczem. Colostrum jest cienione ze wzgl\u0119du na swoje dobroczynne w\u0142a\u015bciwo\u015bci. Mieszanka naturalnych olei z oliwek, awokado, buriti oraz mas\u0142a shea daje efekt natychmiastowego nawil\u017cenia i poprawia elastyczno\u015b\u0107 sk\u00f3ry. Obecny w kremie sok z aloesu, pantenol 5%, witamina F \u0142agodz\u0105 podra\u017cnienia i wspomagaj\u0105 regeneracj\u0119 nask\u00f3rka. Nie zawiera kompozycji zapachowych. Jedwabista konsystencja zapewnia niezwyk\u0142y komfort podczas stosowania preparatu.<\/p>\n<p><strong>Spos\u00f3b u\u017cycia:<\/strong><br \/>\nOdpowiedni\u0105 ilo\u015b\u0107 preparatu delikatnie wmasowa\u0107 na twarz, szyj\u0119 i dekolt. Stosowa\u0107 1-2 razy dziennie przez dowolny okres czasu.<\/p>\n<p><strong>Pojemno\u015b\u0107:\u00a0<\/strong>50 ml<\/p>\n","protected":false},"excerpt":{"rendered":"<p>Rodzaj piel\u0119gnacji: \u00a0Piel\u0119gnacja i regeneracja sk\u00f3ry wra\u017cliwej sk\u0142onnej do podra\u017cnie\u0144 Wskazania: Do codziennej piel\u0119gnacji sk\u00f3ry suchej, atopowej. Nara\u017conej na niekorzystne dzia\u0142anie warunk\u00f3w atmosferycznych. Wspomaga procesy naprawcze nask\u00f3rka po zabiegach kosmetycznych.\u00a0Polecany dla diabetyk\u00f3w oraz kobiet w ci\u0105\u017cy. Dzia\u0142anie: Skoncentrowany preparat oparty na technologii ciek\u0142ych kryszta\u0142\u00f3w oraz innowacyjnym sk\u0142adniku colostrum bovinum z 40% t\u0142uszczem. Colostrum jest cienione [&hellip;]<\/p>\n","protected":false},"featured_media":0,"comment_status":"open","ping_status":"closed","template":"","meta":{"site-sidebar-layout":"default","site-content-layout":"default","ast-site-content-layout":"default","site-content-style":"default","site-sidebar-style":"default","ast-global-header-display":"","ast-banner-title-visibility":"","ast-main-header-display":"","ast-hfb-above-header-display":"","ast-hfb-below-header-display":"","ast-hfb-mobile-header-display":"","site-post-title":"","ast-breadcrumbs-content":"","ast-featured-img":"","footer-sml-layout":"","ast-disable-related-posts":"","theme-transparent-header-meta":"default","adv-header-id-meta":"","stick-header-meta":"","header-above-stick-meta":"","header-main-stick-meta":"","header-below-stick-meta":"","astra-migrate-meta-layouts":"default","ast-page-background-enabled":"default","ast-page-background-meta":{"desktop":{"background-color":"","background-image":"","background-repeat":"repeat","background-position":"center center","background-size":"auto","background-attachment":"scroll","background-type":"","background-media":"","overlay-type":"","overlay-color":"","overlay-opacity":"","overlay-gradient":""},"tablet":{"background-color":"","background-image":"","background-repeat":"repeat","background-position":"center center","background-size":"auto","background-attachment":"scroll","background-type":"","background-media":"","overlay-type":"","overlay-color":"","overlay-opacity":"","overlay-gradient":""},"mobile":{"background-color":"","background-image":"","background-repeat":"repeat","background-position":"center center","background-size":"auto","background-attachment":"scroll","background-type":"","background-media":"","overlay-type":"","overlay-color":"","overlay-opacity":"","overlay-gradient":""}},"ast-content-background-meta":{"desktop":{"background-color":"var(--ast-global-color-5)","background-image":"","background-repeat":"repeat","background-position":"center center","background-size":"auto","background-attachment":"scroll","background-type":"","background-media":"","overlay-type":"","overlay-color":"","overlay-opacity":"","overlay-gradient":""},"tablet":{"background-color":"var(--ast-global-color-5)","background-image":"","background-repeat":"repeat","background-position":"center center","background-size":"auto","background-attachment":"scroll","background-type":"","background-media":"","overlay-type":"","overlay-color":"","overlay-opacity":"","overlay-gradient":""},"mobile":{"background-color":"var(--ast-global-color-5)","background-image":"","background-repeat":"repeat","background-position":"center center","background-size":"auto","background-attachment":"scroll","background-type":"","background-media":"","overlay-type":"","overlay-color":"","overlay-opacity":"","overlay-gradient":""}},"wds_primary_product_brand":0,"wds_primary_product_cat":0},"product_brand":[],"product_cat":[23],"product_tag":[47,39,35,48,65,64],"class_list":{"0":"post-3572","1":"product","2":"type-product","3":"status-publish","5":"product_cat-twarz","6":"product_tag-colostrum","7":"product_tag-krem","8":"product_tag-podopharm","9":"product_tag-regeneracja","10":"product_tag-skora-sucha-i-atopowa","11":"product_tag-twarz","12":"desktop-align-left","13":"tablet-align-left","14":"mobile-align-left","16":"first","17":"instock","18":"shipping-taxable","19":"purchasable","20":"product-type-simple"},"_links":{"self":[{"href":"https:\/\/bajecznyspa.pl\/sklep\/wp-json\/wp\/v2\/product\/3572","targetHints":{"allow":["GET"]}}],"collection":[{"href":"https:\/\/bajecznyspa.pl\/sklep\/wp-json\/wp\/v2\/product"}],"about":[{"href":"https:\/\/bajecznyspa.pl\/sklep\/wp-json\/wp\/v2\/types\/product"}],"replies":[{"embeddable":true,"href":"https:\/\/bajecznyspa.pl\/sklep\/wp-json\/wp\/v2\/comments?post=3572"}],"wp:attachment":[{"href":"https:\/\/bajecznyspa.pl\/sklep\/wp-json\/wp\/v2\/media?parent=3572"}],"wp:term":[{"taxonomy":"product_brand","embeddable":true,"href":"https:\/\/bajecznyspa.pl\/sklep\/wp-json\/wp\/v2\/product_brand?post=3572"},{"taxonomy":"product_cat","embeddable":true,"href":"https:\/\/bajecznyspa.pl\/sklep\/wp-json\/wp\/v2\/product_cat?post=3572"},{"taxonomy":"product_tag","embeddable":true,"href":"https:\/\/bajecznyspa.pl\/sklep\/wp-json\/wp\/v2\/product_tag?post=3572"}],"curies":[{"name":"wp","href":"https:\/\/api.w.org\/{rel}","templated":true}]}}