{"id":3575,"date":"2020-11-23T23:13:47","date_gmt":"2020-11-23T22:13:47","guid":{"rendered":"https:\/\/bajecznyspa.pl\/sklep\/?post_type=product&#038;p=3575"},"modified":"2023-02-20T19:13:26","modified_gmt":"2023-02-20T18:13:26","slug":"regener-max","status":"publish","type":"product","link":"https:\/\/bajecznyspa.pl\/sklep\/produkt\/regener-max\/","title":{"rendered":"REGENER MAX \u2122"},"content":{"rendered":"<p><strong>Krem<\/strong> o silnym dzia\u0142aniu regeneruj\u0105co \u0142agodz\u0105cym, rekomendowany w szczeg\u00f3lno\u015bci jako \u201eopatrunek\u201d na sk\u00f3r\u0119 w trakcie rekonwalescencji po inwazyjnych zabiegach kosmetyczno-medycznych, np. peelingach chemicznych, mezoterapii czy RF. Formu\u0142a opracowana z niezwyk\u0142\u0105 staranno\u015bci\u0105 bazuje na sk\u0142adnikach o farmaceutycznej czysto\u015bci, dzi\u0119ki czemu zachowuje optymalny poziom bezpiecze\u0144stwa w przypadku aplikacji na partie z przerwan\u0105 ci\u0105g\u0142o\u015bci\u0105 nask\u00f3rka.<br \/>\nProdukt przyspiesza proces jego rekonstrukcji, a dzi\u0119ki zawarto\u015bci pantenolu oraz kolagenu dodatkowo odbudowuje naturaln\u0105 barier\u0119 sk\u00f3ry i \u0142agodzi podra\u017cnienia, dzi\u0119ki czemu sk\u00f3ra odzyskuje komfort, jest g\u0142adsza, ukojona i nawil\u017cona.<\/p>\n<p><strong>STOSOWANIE:<\/strong><br \/>\nNak\u0142ada\u0107 trzy razy dziennie na podra\u017cnion\u0105 sk\u00f3r\u0119 twarzy, szyi i dekoltu celem regeneracji.<\/p>\n<p><strong>SK\u0141ADNIKI AKTYWNE PRODUKTU:<\/strong><\/p>\n<p>PANTENOL\u00a0&#8211; zmniejsza utrat\u0119 wody przez nask\u00f3rek i skutecznie nawil\u017ca sk\u00f3r\u0119, nadaj\u0105c jej mi\u0119kko\u015b\u0107 i elastyczno\u015b\u0107, stymuluje podzia\u0142y kom\u00f3rkowe, dzi\u0119ki czemu dzia\u0142a regeneruj\u0105co, poprawia barier\u0119 lipidow\u0105 nask\u00f3rka.<\/p>\n<p>HYDROLIZOWANY KOLAGEN\u00a0&#8211;\u00a0oko\u0142o 70% masy bia\u0142ek w\u00a0sk\u00f3rze stanowi kolagen. W\u0142\u00f3kna kolagenu stanowi\u0105 jej rusztowanie i nadaj\u0105 jej elastyczno\u015bci i g\u0119sto\u015bci. Hydrolizowany kolagen charakteryzuje si\u0119 silnym dzia\u0142aniem nawil\u017caj\u0105cym i regeneruj\u0105cym. Przywraca tkankom spr\u0119\u017cysto\u015b\u0107 i spoisto\u015b\u0107. Jest przy tym bardzo dobrze tolerowany przez sk\u00f3r\u0119, dzi\u0119ki czemu nie wywo\u0142uje reakcji alergicznych. Dzi\u0119ki w\u0142a\u015bciwo\u015bciom filmotw\u00f3rczym chroni przed niekorzystnym wp\u0142ywem otoczenia. Powsta\u0142a warstwa ochronna utrzymuje odpowiedni poziom nawil\u017cenia, skutecznie wyg\u0142adza sk\u00f3r\u0119 &#8211; nadaje jej aksamitny dotyk.<\/p>\n<p>PARAFINA (o czysto\u015bci farmaceutycznej) &#8211;\u00a0zalecana\u00a0szczeg\u00f3lnie przy ranach,\u00a0owrzodzeniach, odle\u017cynach, r\u00f3\u017cnego rodzaju oparzeniach\u00a0oraz uszkodzeniach nask\u00f3rka. Zapewnia optymalne nawil\u017cenie sk\u00f3ry, co sprzyja szybszemu gojeniu si\u0119 ran, czy oparze\u0144. Ponadto zabezpiecza przed nadmiernym wysuszeniem i maceracj\u0105 sk\u00f3ry.<\/p>\n<p><strong>Pojemno\u015b\u0107:<\/strong> \u00a050 ml<\/p>\n","protected":false},"excerpt":{"rendered":"<p>Krem o silnym dzia\u0142aniu regeneruj\u0105co \u0142agodz\u0105cym, rekomendowany w szczeg\u00f3lno\u015bci jako \u201eopatrunek\u201d na sk\u00f3r\u0119 w trakcie rekonwalescencji po inwazyjnych zabiegach kosmetyczno-medycznych, np. peelingach chemicznych, mezoterapii czy RF. Formu\u0142a opracowana z niezwyk\u0142\u0105 staranno\u015bci\u0105 bazuje na sk\u0142adnikach o farmaceutycznej czysto\u015bci, dzi\u0119ki czemu zachowuje optymalny poziom bezpiecze\u0144stwa w przypadku aplikacji na partie z przerwan\u0105 ci\u0105g\u0142o\u015bci\u0105 nask\u00f3rka. Produkt przyspiesza proces [&hellip;]<\/p>\n","protected":false},"featured_media":0,"comment_status":"open","ping_status":"closed","template":"","meta":{"site-sidebar-layout":"default","site-content-layout":"default","ast-site-content-layout":"default","site-content-style":"default","site-sidebar-style":"default","ast-global-header-display":"","ast-banner-title-visibility":"","ast-main-header-display":"","ast-hfb-above-header-display":"","ast-hfb-below-header-display":"","ast-hfb-mobile-header-display":"","site-post-title":"","ast-breadcrumbs-content":"","ast-featured-img":"","footer-sml-layout":"","ast-disable-related-posts":"","theme-transparent-header-meta":"default","adv-header-id-meta":"","stick-header-meta":"","header-above-stick-meta":"","header-main-stick-meta":"","header-below-stick-meta":"","astra-migrate-meta-layouts":"default","ast-page-background-enabled":"default","ast-page-background-meta":{"desktop":{"background-color":"","background-image":"","background-repeat":"repeat","background-position":"center center","background-size":"auto","background-attachment":"scroll","background-type":"","background-media":"","overlay-type":"","overlay-color":"","overlay-opacity":"","overlay-gradient":""},"tablet":{"background-color":"","background-image":"","background-repeat":"repeat","background-position":"center center","background-size":"auto","background-attachment":"scroll","background-type":"","background-media":"","overlay-type":"","overlay-color":"","overlay-opacity":"","overlay-gradient":""},"mobile":{"background-color":"","background-image":"","background-repeat":"repeat","background-position":"center center","background-size":"auto","background-attachment":"scroll","background-type":"","background-media":"","overlay-type":"","overlay-color":"","overlay-opacity":"","overlay-gradient":""}},"ast-content-background-meta":{"desktop":{"background-color":"var(--ast-global-color-5)","background-image":"","background-repeat":"repeat","background-position":"center center","background-size":"auto","background-attachment":"scroll","background-type":"","background-media":"","overlay-type":"","overlay-color":"","overlay-opacity":"","overlay-gradient":""},"tablet":{"background-color":"var(--ast-global-color-5)","background-image":"","background-repeat":"repeat","background-position":"center center","background-size":"auto","background-attachment":"scroll","background-type":"","background-media":"","overlay-type":"","overlay-color":"","overlay-opacity":"","overlay-gradient":""},"mobile":{"background-color":"var(--ast-global-color-5)","background-image":"","background-repeat":"repeat","background-position":"center center","background-size":"auto","background-attachment":"scroll","background-type":"","background-media":"","overlay-type":"","overlay-color":"","overlay-opacity":"","overlay-gradient":""}},"wds_primary_product_brand":0,"wds_primary_product_cat":0},"product_brand":[],"product_cat":[23],"product_tag":[74,39,66,48,67,64],"class_list":{"0":"post-3575","1":"product","2":"type-product","3":"status-publish","5":"product_cat-twarz","6":"product_tag-kolagen","7":"product_tag-krem","8":"product_tag-peel-mission","9":"product_tag-regeneracja","10":"product_tag-rekonstrukcja","11":"product_tag-twarz","12":"desktop-align-left","13":"tablet-align-left","14":"mobile-align-left","16":"first","17":"instock","18":"shipping-taxable","19":"purchasable","20":"product-type-simple"},"_links":{"self":[{"href":"https:\/\/bajecznyspa.pl\/sklep\/wp-json\/wp\/v2\/product\/3575","targetHints":{"allow":["GET"]}}],"collection":[{"href":"https:\/\/bajecznyspa.pl\/sklep\/wp-json\/wp\/v2\/product"}],"about":[{"href":"https:\/\/bajecznyspa.pl\/sklep\/wp-json\/wp\/v2\/types\/product"}],"replies":[{"embeddable":true,"href":"https:\/\/bajecznyspa.pl\/sklep\/wp-json\/wp\/v2\/comments?post=3575"}],"wp:attachment":[{"href":"https:\/\/bajecznyspa.pl\/sklep\/wp-json\/wp\/v2\/media?parent=3575"}],"wp:term":[{"taxonomy":"product_brand","embeddable":true,"href":"https:\/\/bajecznyspa.pl\/sklep\/wp-json\/wp\/v2\/product_brand?post=3575"},{"taxonomy":"product_cat","embeddable":true,"href":"https:\/\/bajecznyspa.pl\/sklep\/wp-json\/wp\/v2\/product_cat?post=3575"},{"taxonomy":"product_tag","embeddable":true,"href":"https:\/\/bajecznyspa.pl\/sklep\/wp-json\/wp\/v2\/product_tag?post=3575"}],"curies":[{"name":"wp","href":"https:\/\/api.w.org\/{rel}","templated":true}]}}