{"id":3579,"date":"2020-11-23T23:34:38","date_gmt":"2020-11-23T22:34:38","guid":{"rendered":"https:\/\/bajecznyspa.pl\/sklep\/?post_type=product&#038;p=3579"},"modified":"2024-03-25T07:13:37","modified_gmt":"2024-03-25T06:13:37","slug":"aloe-tonic","status":"publish","type":"product","link":"https:\/\/bajecznyspa.pl\/sklep\/produkt\/aloe-tonic\/","title":{"rendered":"ALOE TONIC"},"content":{"rendered":"<p><strong>Aloe Tonic<\/strong> to delikatny produkt bazuj\u0105cy na ekstrakcie z aloesu. Produkt rekomendowany do piel\u0119gnacji ka\u017cdego rodzaju sk\u00f3ry, ale szczeg\u00f3lnie doceni\u0105 go osoby z cer\u0105 such\u0105 i wra\u017cliw\u0105.<\/p>\n<p>Niezb\u0119dny w drugim etapie oczyszczania, przywraca prawid\u0142owe pH i \u0142agodnie usuwa pozosta\u0142o\u015bci makija\u017cu. Dzi\u0119ki w\u0142a\u015bciwo\u015bciom aloesu pozostawia sk\u00f3r\u0119 \u015bwie\u017c\u0105, perfekcyjnie nawil\u017con\u0105. Natomiast dodatek allantoiny i pantenolu, koi i \u0142agodzi podra\u017cnienia.<\/p>\n<p><strong>Pojemno\u015b\u0107:<\/strong> \u00a0250 ml<\/p>\n","protected":false},"excerpt":{"rendered":"<p>Aloe Tonic to delikatny produkt bazuj\u0105cy na ekstrakcie z aloesu. Produkt rekomendowany do piel\u0119gnacji ka\u017cdego rodzaju sk\u00f3ry, ale szczeg\u00f3lnie doceni\u0105 go osoby z cer\u0105 such\u0105 i wra\u017cliw\u0105. Niezb\u0119dny w drugim etapie oczyszczania, przywraca prawid\u0142owe pH i \u0142agodnie usuwa pozosta\u0142o\u015bci makija\u017cu. Dzi\u0119ki w\u0142a\u015bciwo\u015bciom aloesu pozostawia sk\u00f3r\u0119 \u015bwie\u017c\u0105, perfekcyjnie nawil\u017con\u0105. Natomiast dodatek allantoiny i pantenolu, koi i [&hellip;]<\/p>\n","protected":false},"featured_media":0,"comment_status":"open","ping_status":"closed","template":"","meta":{"site-sidebar-layout":"default","site-content-layout":"default","ast-site-content-layout":"default","site-content-style":"default","site-sidebar-style":"default","ast-global-header-display":"","ast-banner-title-visibility":"","ast-main-header-display":"","ast-hfb-above-header-display":"","ast-hfb-below-header-display":"","ast-hfb-mobile-header-display":"","site-post-title":"","ast-breadcrumbs-content":"","ast-featured-img":"","footer-sml-layout":"","ast-disable-related-posts":"","theme-transparent-header-meta":"default","adv-header-id-meta":"","stick-header-meta":"","header-above-stick-meta":"","header-main-stick-meta":"","header-below-stick-meta":"","astra-migrate-meta-layouts":"default","ast-page-background-enabled":"default","ast-page-background-meta":{"desktop":{"background-color":"","background-image":"","background-repeat":"repeat","background-position":"center center","background-size":"auto","background-attachment":"scroll","background-type":"","background-media":"","overlay-type":"","overlay-color":"","overlay-opacity":"","overlay-gradient":""},"tablet":{"background-color":"","background-image":"","background-repeat":"repeat","background-position":"center center","background-size":"auto","background-attachment":"scroll","background-type":"","background-media":"","overlay-type":"","overlay-color":"","overlay-opacity":"","overlay-gradient":""},"mobile":{"background-color":"","background-image":"","background-repeat":"repeat","background-position":"center center","background-size":"auto","background-attachment":"scroll","background-type":"","background-media":"","overlay-type":"","overlay-color":"","overlay-opacity":"","overlay-gradient":""}},"ast-content-background-meta":{"desktop":{"background-color":"var(--ast-global-color-5)","background-image":"","background-repeat":"repeat","background-position":"center center","background-size":"auto","background-attachment":"scroll","background-type":"","background-media":"","overlay-type":"","overlay-color":"","overlay-opacity":"","overlay-gradient":""},"tablet":{"background-color":"var(--ast-global-color-5)","background-image":"","background-repeat":"repeat","background-position":"center center","background-size":"auto","background-attachment":"scroll","background-type":"","background-media":"","overlay-type":"","overlay-color":"","overlay-opacity":"","overlay-gradient":""},"mobile":{"background-color":"var(--ast-global-color-5)","background-image":"","background-repeat":"repeat","background-position":"center center","background-size":"auto","background-attachment":"scroll","background-type":"","background-media":"","overlay-type":"","overlay-color":"","overlay-opacity":"","overlay-gradient":""}},"wds_primary_product_brand":0,"wds_primary_product_cat":0},"product_brand":[],"product_cat":[23],"product_tag":[71,52,73,72,64],"class_list":{"0":"post-3579","1":"product","2":"type-product","3":"status-publish","5":"product_cat-twarz","6":"product_tag-kazdy-rodzaj-skory","7":"product_tag-pielegnacja","8":"product_tag-skora-sucha-i-wrazliwa","9":"product_tag-tonic","10":"product_tag-twarz","11":"desktop-align-left","12":"tablet-align-left","13":"mobile-align-left","15":"first","16":"instock","17":"shipping-taxable","18":"purchasable","19":"product-type-simple"},"_links":{"self":[{"href":"https:\/\/bajecznyspa.pl\/sklep\/wp-json\/wp\/v2\/product\/3579","targetHints":{"allow":["GET"]}}],"collection":[{"href":"https:\/\/bajecznyspa.pl\/sklep\/wp-json\/wp\/v2\/product"}],"about":[{"href":"https:\/\/bajecznyspa.pl\/sklep\/wp-json\/wp\/v2\/types\/product"}],"replies":[{"embeddable":true,"href":"https:\/\/bajecznyspa.pl\/sklep\/wp-json\/wp\/v2\/comments?post=3579"}],"wp:attachment":[{"href":"https:\/\/bajecznyspa.pl\/sklep\/wp-json\/wp\/v2\/media?parent=3579"}],"wp:term":[{"taxonomy":"product_brand","embeddable":true,"href":"https:\/\/bajecznyspa.pl\/sklep\/wp-json\/wp\/v2\/product_brand?post=3579"},{"taxonomy":"product_cat","embeddable":true,"href":"https:\/\/bajecznyspa.pl\/sklep\/wp-json\/wp\/v2\/product_cat?post=3579"},{"taxonomy":"product_tag","embeddable":true,"href":"https:\/\/bajecznyspa.pl\/sklep\/wp-json\/wp\/v2\/product_tag?post=3579"}],"curies":[{"name":"wp","href":"https:\/\/api.w.org\/{rel}","templated":true}]}}