{"id":3706,"date":"2020-11-29T18:56:26","date_gmt":"2020-11-29T17:56:26","guid":{"rendered":"https:\/\/bajecznyspa.pl\/sklep\/?post_type=product&#038;p=3706"},"modified":"2023-02-20T19:12:33","modified_gmt":"2023-02-20T18:12:33","slug":"phyto-collagen-gloves-rekawice-kolagenowe-voesh-new-york","status":"publish","type":"product","link":"https:\/\/bajecznyspa.pl\/sklep\/produkt\/phyto-collagen-gloves-rekawice-kolagenowe-voesh-new-york\/","title":{"rendered":"Phyto Collagen Gloves &#8211; R\u0119kawice Kolagenowe Voesh New York"},"content":{"rendered":"<p>Wersja r\u0119kawiczek wega\u0144skich, w kt\u00f3rych kolagen pochodzenia morskiego zosta\u0142 zast\u0105piony fitokolagenem (uzyskanym drog\u0105 fermentacji bia\u0142ka sojowego) , a sk\u0142adnikami uzupe\u0142niaj\u0105cymi s\u0105: olej z orzech\u00f3w makadamia, wit E, mas\u0142o Shea.<\/p>\n<p><strong>6 Free Formula Safe Skincare:<\/strong>\u00a0BEZ Paraben\u00f3w, BEZ Ftalan\u00f3w, BEZ Olejk\u00f3w Mineralnych, BEZ Syntetycznego Siarczanu, BEZ Trietanoloaminy, BEZ Glutenu<\/p>\n","protected":false},"excerpt":{"rendered":"<p>Wersja r\u0119kawiczek wega\u0144skich, w kt\u00f3rych kolagen pochodzenia morskiego zosta\u0142 zast\u0105piony fitokolagenem (uzyskanym drog\u0105 fermentacji bia\u0142ka sojowego) , a sk\u0142adnikami uzupe\u0142niaj\u0105cymi s\u0105: olej z orzech\u00f3w makadamia, wit E, mas\u0142o Shea. 6 Free Formula Safe Skincare:\u00a0BEZ Paraben\u00f3w, BEZ Ftalan\u00f3w, BEZ Olejk\u00f3w Mineralnych, BEZ Syntetycznego Siarczanu, BEZ Trietanoloaminy, BEZ Glutenu<\/p>\n","protected":false},"featured_media":0,"comment_status":"open","ping_status":"closed","template":"","meta":{"site-sidebar-layout":"default","site-content-layout":"default","ast-site-content-layout":"default","site-content-style":"default","site-sidebar-style":"default","ast-global-header-display":"","ast-banner-title-visibility":"","ast-main-header-display":"","ast-hfb-above-header-display":"","ast-hfb-below-header-display":"","ast-hfb-mobile-header-display":"","site-post-title":"","ast-breadcrumbs-content":"","ast-featured-img":"","footer-sml-layout":"","ast-disable-related-posts":"","theme-transparent-header-meta":"default","adv-header-id-meta":"","stick-header-meta":"","header-above-stick-meta":"","header-main-stick-meta":"","header-below-stick-meta":"","astra-migrate-meta-layouts":"default","ast-page-background-enabled":"default","ast-page-background-meta":{"desktop":{"background-color":"","background-image":"","background-repeat":"repeat","background-position":"center center","background-size":"auto","background-attachment":"scroll","background-type":"","background-media":"","overlay-type":"","overlay-color":"","overlay-opacity":"","overlay-gradient":""},"tablet":{"background-color":"","background-image":"","background-repeat":"repeat","background-position":"center center","background-size":"auto","background-attachment":"scroll","background-type":"","background-media":"","overlay-type":"","overlay-color":"","overlay-opacity":"","overlay-gradient":""},"mobile":{"background-color":"","background-image":"","background-repeat":"repeat","background-position":"center center","background-size":"auto","background-attachment":"scroll","background-type":"","background-media":"","overlay-type":"","overlay-color":"","overlay-opacity":"","overlay-gradient":""}},"ast-content-background-meta":{"desktop":{"background-color":"var(--ast-global-color-5)","background-image":"","background-repeat":"repeat","background-position":"center center","background-size":"auto","background-attachment":"scroll","background-type":"","background-media":"","overlay-type":"","overlay-color":"","overlay-opacity":"","overlay-gradient":""},"tablet":{"background-color":"var(--ast-global-color-5)","background-image":"","background-repeat":"repeat","background-position":"center center","background-size":"auto","background-attachment":"scroll","background-type":"","background-media":"","overlay-type":"","overlay-color":"","overlay-opacity":"","overlay-gradient":""},"mobile":{"background-color":"var(--ast-global-color-5)","background-image":"","background-repeat":"repeat","background-position":"center center","background-size":"auto","background-attachment":"scroll","background-type":"","background-media":"","overlay-type":"","overlay-color":"","overlay-opacity":"","overlay-gradient":""}},"wds_primary_product_brand":0,"wds_primary_product_cat":0},"product_brand":[],"product_cat":[32],"product_tag":[60,52,75,92,91],"class_list":{"0":"post-3706","1":"product","2":"type-product","3":"status-publish","5":"product_cat-dlonieistopy","6":"product_tag-dlonie","7":"product_tag-pielegnacja","8":"product_tag-produkt-naturalny","9":"product_tag-produkt-sterylny","10":"product_tag-produkt-weganski","11":"desktop-align-left","12":"tablet-align-left","13":"mobile-align-left","15":"first","16":"instock","17":"shipping-taxable","18":"purchasable","19":"product-type-simple"},"_links":{"self":[{"href":"https:\/\/bajecznyspa.pl\/sklep\/wp-json\/wp\/v2\/product\/3706","targetHints":{"allow":["GET"]}}],"collection":[{"href":"https:\/\/bajecznyspa.pl\/sklep\/wp-json\/wp\/v2\/product"}],"about":[{"href":"https:\/\/bajecznyspa.pl\/sklep\/wp-json\/wp\/v2\/types\/product"}],"replies":[{"embeddable":true,"href":"https:\/\/bajecznyspa.pl\/sklep\/wp-json\/wp\/v2\/comments?post=3706"}],"wp:attachment":[{"href":"https:\/\/bajecznyspa.pl\/sklep\/wp-json\/wp\/v2\/media?parent=3706"}],"wp:term":[{"taxonomy":"product_brand","embeddable":true,"href":"https:\/\/bajecznyspa.pl\/sklep\/wp-json\/wp\/v2\/product_brand?post=3706"},{"taxonomy":"product_cat","embeddable":true,"href":"https:\/\/bajecznyspa.pl\/sklep\/wp-json\/wp\/v2\/product_cat?post=3706"},{"taxonomy":"product_tag","embeddable":true,"href":"https:\/\/bajecznyspa.pl\/sklep\/wp-json\/wp\/v2\/product_tag?post=3706"}],"curies":[{"name":"wp","href":"https:\/\/api.w.org\/{rel}","templated":true}]}}