{"id":3710,"date":"2020-11-29T19:08:24","date_gmt":"2020-11-29T18:08:24","guid":{"rendered":"https:\/\/bajecznyspa.pl\/sklep\/?post_type=product&#038;p=3710"},"modified":"2023-02-20T19:11:05","modified_gmt":"2023-02-20T18:11:05","slug":"skarpety-kolagenowe-z-olejem-konopnym-voesh-new-york","status":"publish","type":"product","link":"https:\/\/bajecznyspa.pl\/sklep\/produkt\/skarpety-kolagenowe-z-olejem-konopnym-voesh-new-york\/","title":{"rendered":"Skarpety Kolagenowe z Olejem Konopnym &#8211; Voesh New York"},"content":{"rendered":"<p>Skarpety Kolagenowe nasycone <strong>olejem konopnym<\/strong> zapewni\u0105 intensywne nawil\u017cenie i widoczne odm\u0142odzenie.<br \/>\nMaska do st\u00f3p, kt\u00f3ra pomo\u017ce w rozlu\u017anieniu mi\u0119\u015bni i ukojeniu zm\u0119czonych i obola\u0142ych st\u00f3p.<\/p>\n<p>Skarpety Kolagenowe zawieraj\u0105 nietoksyczny olej konopny zmieszany z naturalnymi ekstraktami dla uzyskania niepowtarzalnego zapachu, kt\u00f3ry poprawi relaksuj\u0105ce wra\u017cenia.<\/p>\n<p>Skarpety nie zawieraj\u0105 THC ani substancji psychoaktywnych.<\/p>\n<p><strong>NIE POTRZEBUJESZ:<\/strong><\/p>\n<p>Kremu Do Masa\u017cu<br \/>\nParafiny<\/p>\n","protected":false},"excerpt":{"rendered":"<p>Skarpety Kolagenowe nasycone olejem konopnym zapewni\u0105 intensywne nawil\u017cenie i widoczne odm\u0142odzenie. Maska do st\u00f3p, kt\u00f3ra pomo\u017ce w rozlu\u017anieniu mi\u0119\u015bni i ukojeniu zm\u0119czonych i obola\u0142ych st\u00f3p. Skarpety Kolagenowe zawieraj\u0105 nietoksyczny olej konopny zmieszany z naturalnymi ekstraktami dla uzyskania niepowtarzalnego zapachu, kt\u00f3ry poprawi relaksuj\u0105ce wra\u017cenia. Skarpety nie zawieraj\u0105 THC ani substancji psychoaktywnych. NIE POTRZEBUJESZ: Kremu Do Masa\u017cu [&hellip;]<\/p>\n","protected":false},"featured_media":0,"comment_status":"open","ping_status":"closed","template":"","meta":{"site-sidebar-layout":"default","site-content-layout":"default","ast-site-content-layout":"default","site-content-style":"default","site-sidebar-style":"default","ast-global-header-display":"","ast-banner-title-visibility":"","ast-main-header-display":"","ast-hfb-above-header-display":"","ast-hfb-below-header-display":"","ast-hfb-mobile-header-display":"","site-post-title":"","ast-breadcrumbs-content":"","ast-featured-img":"","footer-sml-layout":"","ast-disable-related-posts":"","theme-transparent-header-meta":"default","adv-header-id-meta":"","stick-header-meta":"","header-above-stick-meta":"","header-main-stick-meta":"","header-below-stick-meta":"","astra-migrate-meta-layouts":"default","ast-page-background-enabled":"default","ast-page-background-meta":{"desktop":{"background-color":"","background-image":"","background-repeat":"repeat","background-position":"center center","background-size":"auto","background-attachment":"scroll","background-type":"","background-media":"","overlay-type":"","overlay-color":"","overlay-opacity":"","overlay-gradient":""},"tablet":{"background-color":"","background-image":"","background-repeat":"repeat","background-position":"center center","background-size":"auto","background-attachment":"scroll","background-type":"","background-media":"","overlay-type":"","overlay-color":"","overlay-opacity":"","overlay-gradient":""},"mobile":{"background-color":"","background-image":"","background-repeat":"repeat","background-position":"center center","background-size":"auto","background-attachment":"scroll","background-type":"","background-media":"","overlay-type":"","overlay-color":"","overlay-opacity":"","overlay-gradient":""}},"ast-content-background-meta":{"desktop":{"background-color":"var(--ast-global-color-5)","background-image":"","background-repeat":"repeat","background-position":"center center","background-size":"auto","background-attachment":"scroll","background-type":"","background-media":"","overlay-type":"","overlay-color":"","overlay-opacity":"","overlay-gradient":""},"tablet":{"background-color":"var(--ast-global-color-5)","background-image":"","background-repeat":"repeat","background-position":"center center","background-size":"auto","background-attachment":"scroll","background-type":"","background-media":"","overlay-type":"","overlay-color":"","overlay-opacity":"","overlay-gradient":""},"mobile":{"background-color":"var(--ast-global-color-5)","background-image":"","background-repeat":"repeat","background-position":"center center","background-size":"auto","background-attachment":"scroll","background-type":"","background-media":"","overlay-type":"","overlay-color":"","overlay-opacity":"","overlay-gradient":""}},"wds_primary_product_brand":0,"wds_primary_product_cat":0},"product_brand":[],"product_cat":[32],"product_tag":[93,75,92,91,34],"class_list":{"0":"post-3710","1":"product","2":"type-product","3":"status-publish","5":"product_cat-dlonieistopy","6":"product_tag-olej-konopny","7":"product_tag-produkt-naturalny","8":"product_tag-produkt-sterylny","9":"product_tag-produkt-weganski","10":"product_tag-stopy","11":"desktop-align-left","12":"tablet-align-left","13":"mobile-align-left","15":"first","16":"instock","17":"shipping-taxable","18":"purchasable","19":"product-type-simple"},"_links":{"self":[{"href":"https:\/\/bajecznyspa.pl\/sklep\/wp-json\/wp\/v2\/product\/3710","targetHints":{"allow":["GET"]}}],"collection":[{"href":"https:\/\/bajecznyspa.pl\/sklep\/wp-json\/wp\/v2\/product"}],"about":[{"href":"https:\/\/bajecznyspa.pl\/sklep\/wp-json\/wp\/v2\/types\/product"}],"replies":[{"embeddable":true,"href":"https:\/\/bajecznyspa.pl\/sklep\/wp-json\/wp\/v2\/comments?post=3710"}],"wp:attachment":[{"href":"https:\/\/bajecznyspa.pl\/sklep\/wp-json\/wp\/v2\/media?parent=3710"}],"wp:term":[{"taxonomy":"product_brand","embeddable":true,"href":"https:\/\/bajecznyspa.pl\/sklep\/wp-json\/wp\/v2\/product_brand?post=3710"},{"taxonomy":"product_cat","embeddable":true,"href":"https:\/\/bajecznyspa.pl\/sklep\/wp-json\/wp\/v2\/product_cat?post=3710"},{"taxonomy":"product_tag","embeddable":true,"href":"https:\/\/bajecznyspa.pl\/sklep\/wp-json\/wp\/v2\/product_tag?post=3710"}],"curies":[{"name":"wp","href":"https:\/\/api.w.org\/{rel}","templated":true}]}}